{"id":123,"date":"2020-01-07T16:38:22","date_gmt":"2020-01-07T16:38:22","guid":{"rendered":"https:\/\/demosites.io\/painter-gb\/?page_id=7"},"modified":"2026-04-05T18:34:11","modified_gmt":"2026-04-05T17:34:11","slug":"bio-irisgarnav","status":"publish","type":"page","link":"https:\/\/www.irisgarnav.com\/index.php\/bio-irisgarnav\/","title":{"rendered":"Sobre Iris"},"content":{"rendered":"\n<div class=\"wp-block-cover alignfull\" style=\"min-height:400px;aspect-ratio:unset;\"><span aria-hidden=\"true\" class=\"wp-block-cover__background has-nv-site-bg-background-color has-background-dim-100 has-background-dim\"><\/span><div class=\"wp-block-cover__inner-container is-layout-flow wp-block-cover-is-layout-flow\">\n<p class=\"has-text-align-center has-large-font-size\"><\/p>\n\n\n\n<h1 class=\"wp-block-heading has-text-align-center has-neve-text-color-color has-text-color\">Sobre Iris<\/h1>\n\n\n\n<p class=\"has-text-align-center has-neve-text-color-color has-text-color\"><\/p>\n\n\n\n<p><\/p>\n<\/div><\/div>\n\n\n\n<div class=\"wp-block-cover alignfull\"><span aria-hidden=\"true\" class=\"wp-block-cover__background has-nv-light-bg-background-color has-background-dim-100 has-background-dim\"><\/span><div class=\"wp-block-cover__inner-container is-layout-flow wp-block-cover-is-layout-flow\">\n<div style=\"height:80px\" aria-hidden=\"true\" class=\"wp-block-spacer\"><\/div>\n\n\n\n<div class=\"wp-block-columns is-layout-flex wp-container-core-columns-is-layout-9d6595d7 wp-block-columns-is-layout-flex\">\n<div class=\"wp-block-column is-vertically-aligned-center is-layout-flow wp-block-column-is-layout-flow\">\n<h2 class=\"wp-block-heading has-neve-text-color-color has-text-color\">Biograf\u00eda <\/h2>\n\n\n\n<p class=\"has-neve-text-color-color has-text-color\">Iris Garc\u00eda Navarro (Santa Cruz de Tenerife, 1996) conocida como Iris Garnav, es una artista multidisciplinar que fluct\u00faa entre la pintura, el muralismo, el arte digital y la escultura; mostrando de manera activa su actividad art\u00edstica en su canal de Youtube.<\/p>\n\n\n\n<p class=\"has-neve-text-color-color has-text-color\">Graduada en Bellas Artes en el a\u00f1o 2020, se especializ\u00f3 con un M\u00e1ster en Estudios de G\u00e9nero y Pol\u00edticas de Igualdad y con otro M\u00e1ster en Historia del Arte y Gesti\u00f3n Cultural. Aplica su inquietud por diferentes \u00e1mbitos de conocimiento en su obra art\u00edstica, planteando numerosos temas relacionados con la percepci\u00f3n de la realidad; el g\u00e9nero; la introspecci\u00f3n; o incluso la autobiograf\u00eda en torno al paisaje y el territorio.<\/p>\n\n\n\n<p class=\"has-neve-text-color-color has-text-color\">Incorpora la perspectiva de g\u00e9nero de manera transversal en algunas de sus obras y series, destacando <em>Atributos Adquiridos<\/em> (2020). En esta convergen la construcci\u00f3n social del sexo y el g\u00e9nero y la sobre-sexualizaci\u00f3n y mercantilizaci\u00f3n del cuerpo femenino.<\/p>\n\n\n\n<p class=\"has-neve-text-color-color has-text-color\">En el a\u00f1o 2022 mostr\u00f3 un gran inter\u00e9s por el paisaje, pudiendo disfrutar de la <em>Beca de Pintores Pensionados de Paisaje del Palacio de Quintanar de Segovia 2022<\/em>, mostrando las obras resultantes en una exposici\u00f3n colectiva en la Alhondiga de Segovia. <\/p>\n\n\n\n<p class=\"has-neve-text-color-color has-text-color\">A lo largo del a\u00f1o 2022, comenz\u00f3 una nueva serie llamada <em>Distorsiones<\/em>, en paralelo a sus intervenciones mural\u00edsticas, marcando una nueva etapa en su estilo art\u00edstico. A principios de abril de ese a\u00f1o mostrar\u00eda una primera intervenci\u00f3n relacionada con el nuevo estilo trabajado en un mural en Gran Canaria. Estas obras se encuentran conceptualmente relacionadas con la percepci\u00f3n de la realidad, analizando de manera cr\u00edtica como se construye esta y como puede incidir en nuestro comportamiento. Este \u00faltimo tema constituye la l\u00ednea de trabajo m\u00e1s reciente de la artista. <\/p>\n\n\n\n<p class=\"has-neve-text-color-color has-text-color\">En diciembre de 2022 fue seleccionada como creadora para la plataforma MakersPlace, el principal mercado para descubrir, coleccionar e invertir en obras de arte digitales verdaderamente raras y aut\u00e9nticas, de los principales artistas y creadores del mundo. Desde entonces, podemos ver las pinturas digitales de Iris Garnav a la venta como NFT&#8217;s (tokens no fungibles), pudiendo encontrarla un mes despu\u00e9s entre los artistas destacados de la plataforma. <\/p>\n\n\n\n<p class=\"has-neve-text-color-color has-text-color\">En febrero de ese mismo a\u00f1o, fue seleccionada como una de las 50 artistas de WXw3 para la exposici\u00f3n online de WXw3 (Women &amp; Non Binary Exhibition) organizada por MakersPlace, World of Women Foundation, The Fabricant y Eyes of Fashion, exponiendo la obra <em>Resilience in the darkness<\/em> durante NFT Paris 2023. <a href=\"https:\/\/event.makersplace.com\/exhibit\/wxw3\" target=\"_blank\" rel=\"noreferrer noopener\">Acceder a la exposici\u00f3n WXw3<\/a><\/p>\n\n\n\n<p class=\"has-neve-text-color-color has-text-color has-link-color wp-elements-6a6208205fabcbfcffdf0c508d95db76\">Posteriormente fue seleccionada para el primer programa de lanzamiento de artistas MPLaunchpad,  llevado a cabo por Makersplace.<\/p>\n\n\n\n<p class=\"has-neve-text-color-color has-text-color has-link-color wp-elements-01eaf3a5b6b0badbd662e590faa6d488\">Este a\u00f1o 2024 destaca por haber sido seleccionada como artista para la plataforma HUG, una comunidad global para que artistas y amantes del arte se conecten; por haber realizado varias intervenciones muralisticas y presentar 3 nuevas obras en una exposici\u00f3n colectiva en LABORY, La Laguna, Tenerife.<\/p>\n\n\n\n<p class=\"has-neve-text-color-color has-text-color has-link-color wp-elements-20af5fd444879026fe112d03a7557148\">Iris Garnav tiene experiencia dando clases de pintura y talleres educativos. Adem\u00e1s, ha realizado labores propias de la gesti\u00f3n cultural como el registro de obras de arte en museos, curadur\u00eda y montaje de exposiciones. Tambi\u00e9n tiene conocimientos de restauraci\u00f3n preventiva, tasaci\u00f3n y enmarcaci\u00f3n de obras de arte. En julio de 2023 public\u00f3 su Trabajo de Fin de M\u00e1ster <em>La obra de Jenny Saville en el mercado del arte: an\u00e1lisis de sus cotizaciones<\/em>, una investigaci\u00f3n sobre las cotizaciones de Jenny Saville, la artista viva m\u00e1s cotizada hasta la fecha. En este se puede encontrar una primera parte de investigaci\u00f3n sobre la artista y su trabajo, y una segunda parte m\u00e1s relacionada con las cotizaciones y valores alcanzados en subasta. *<\/p>\n\n\n\n<p class=\"has-neve-text-color-color has-text-color has-link-color wp-elements-951f5a0b91010700727bfe03ebe14942\">*<em>Si te interesa saber como funciona el mercado del arte y el mundo de las subastas esta investigaci\u00f3n estar\u00e1 pronto disponible para ser consultada en la web.<\/em><\/p>\n\n\n\n<p class=\"has-neve-text-color-color has-text-color has-link-color wp-elements-aa7ae112790f45ce082349c2f2cf9bda\">Puedes encontrarla de manera activa como creadora de contenido en las redes sociales, destacando Instagram y YouTube, llegando a alcanzar en esta \u00faltima red social los 53 mil suscriptores el \u00faltimo a\u00f1o.<\/p>\n\n\n\n<p class=\"has-neve-text-color-color has-text-color has-link-color wp-elements-755deedfa575715d76130d559c2ed6f9\">Si quieres saber m\u00e1s sobre la artista puedes enviar un correo electr\u00f3nico a store@irisgarnav.com.<\/p>\n<\/div>\n\n\n\n<div class=\"wp-block-column is-layout-flow wp-block-column-is-layout-flow\">\n<figure class=\"wp-block-image size-large\"><img loading=\"lazy\" decoding=\"async\" width=\"1024\" height=\"1024\" src=\"https:\/\/www.irisgarnav.com\/wp-content\/uploads\/2023\/03\/IMG_1611-1024x1024.png\" alt=\"\" class=\"wp-image-509\" srcset=\"https:\/\/www.irisgarnav.com\/wp-content\/uploads\/2023\/03\/IMG_1611-1024x1024.png 1024w, https:\/\/www.irisgarnav.com\/wp-content\/uploads\/2023\/03\/IMG_1611-300x300.png 300w, https:\/\/www.irisgarnav.com\/wp-content\/uploads\/2023\/03\/IMG_1611-150x150.png 150w, https:\/\/www.irisgarnav.com\/wp-content\/uploads\/2023\/03\/IMG_1611-768x768.png 768w, https:\/\/www.irisgarnav.com\/wp-content\/uploads\/2023\/03\/IMG_1611-1536x1536.png 1536w, https:\/\/www.irisgarnav.com\/wp-content\/uploads\/2023\/03\/IMG_1611-600x600.png 600w, https:\/\/www.irisgarnav.com\/wp-content\/uploads\/2023\/03\/IMG_1611-100x100.png 100w, https:\/\/www.irisgarnav.com\/wp-content\/uploads\/2023\/03\/IMG_1611.png 2048w\" sizes=\"auto, (max-width: 1024px) 100vw, 1024px\" \/><figcaption class=\"wp-element-caption\"><em> <strong><mark style=\"background-color:rgba(0, 0, 0, 0)\" class=\"has-inline-color has-neve-link-hover-color-color\">Self-Portrait #1<\/mark><\/strong><\/em><\/figcaption><\/figure>\n\n\n\n<figure class=\"wp-block-image size-large\"><img loading=\"lazy\" decoding=\"async\" width=\"779\" height=\"1024\" src=\"https:\/\/www.irisgarnav.com\/wp-content\/uploads\/2024\/03\/WEB-GARNAV-779x1024.png\" alt=\"\" class=\"wp-image-670\" srcset=\"https:\/\/www.irisgarnav.com\/wp-content\/uploads\/2024\/03\/WEB-GARNAV-779x1024.png 779w, https:\/\/www.irisgarnav.com\/wp-content\/uploads\/2024\/03\/WEB-GARNAV-228x300.png 228w, https:\/\/www.irisgarnav.com\/wp-content\/uploads\/2024\/03\/WEB-GARNAV-768x1010.png 768w, https:\/\/www.irisgarnav.com\/wp-content\/uploads\/2024\/03\/WEB-GARNAV-1168x1536.png 1168w, https:\/\/www.irisgarnav.com\/wp-content\/uploads\/2024\/03\/WEB-GARNAV-456x600.png 456w, https:\/\/www.irisgarnav.com\/wp-content\/uploads\/2024\/03\/WEB-GARNAV-600x789.png 600w, https:\/\/www.irisgarnav.com\/wp-content\/uploads\/2024\/03\/WEB-GARNAV.png 1372w\" sizes=\"auto, (max-width: 779px) 100vw, 779px\" \/><\/figure>\n<\/div>\n<\/div>\n\n\n\n<div class=\"wp-block-columns is-layout-flex wp-container-core-columns-is-layout-9d6595d7 wp-block-columns-is-layout-flex\">\n<div class=\"wp-block-column is-vertically-aligned-center is-layout-flow wp-block-column-is-layout-flow\">\n<div class=\"wp-block-buttons is-layout-flex wp-block-buttons-is-layout-flex\">\n<div class=\"wp-block-button is-style-primary\"><a class=\"wp-block-button__link wp-element-button\" href=\"https:\/\/www.irisgarnav.com\/index.php\/galeria-obras-arte\/\" target=\"_blank\" rel=\"noreferrer noopener\">Accede a la galer\u00eda para ver sus obras<\/a><\/div>\n<\/div>\n<\/div>\n<\/div>\n\n\n\n<div style=\"height:79px\" aria-hidden=\"true\" class=\"wp-block-spacer\"><\/div>\n<\/div><\/div>\n\n\n\n<div style=\"height:80px\" aria-hidden=\"true\" class=\"wp-block-spacer\"><\/div>\n\n\n\n<h2 class=\"wp-block-heading has-neve-text-color-color has-text-color\">Exposiciones<\/h2>\n\n\n\n<h4 class=\"wp-block-heading\">Colectivas<\/h4>\n\n\n\n<div class=\"wp-block-columns is-layout-flex wp-container-core-columns-is-layout-9d6595d7 wp-block-columns-is-layout-flex\">\n<div class=\"wp-block-column is-layout-flow wp-block-column-is-layout-flow\">\n<ul class=\"wp-block-list\">\n<li><em>Inherencias<\/em>  &#8211; Real Sociedad Econ\u00f3mica de Amigos del Pa\u00eds de Tenerife (La Laguna, Tenerife) <em>&#8211;  Noviembre 2021<\/em> <\/li>\n<\/ul>\n\n\n\n<ul class=\"wp-block-list\">\n<li><em>Escapararte<\/em> &#8211; Antiguo Convento de Santo Domingo (La Laguna, Tenerife) <em>&#8211; Noviembre 2022<\/em><\/li>\n<\/ul>\n<\/div>\n\n\n\n<div class=\"wp-block-column is-layout-flow wp-block-column-is-layout-flow\">\n<ul class=\"wp-block-list\">\n<li><em>Intronautas<\/em><strong> &#8211;<\/strong> Antiguo Convento de Santo Domingo (La Laguna, Tenerife) <em>&#8211; Diciembre 2021<\/em><\/li>\n<\/ul>\n\n\n\n<ul class=\"wp-block-list\">\n<li>WXw3 (Women &amp; Non Binary Exhibition) -online [para MakersPlace, World of Women Foundation, The Fabricant y Eyes of Fashion (NFT Paris)]  &#8211; <em>Febrero 2023 <\/em><\/li>\n<\/ul>\n<\/div>\n\n\n\n<div class=\"wp-block-column is-layout-flow wp-block-column-is-layout-flow\">\n<ul class=\"wp-block-list\">\n<li><em>Exposici\u00f3n Paisaje Pintado 2022 de Pintores Pensionados<\/em><strong> &#8211;<\/strong> La Alhondiga (Segovia, Castilla y Le\u00f3n) <em>&#8211; Agosto 2022<\/em><\/li>\n<\/ul>\n\n\n\n<div class=\"wp-block-columns is-layout-flex wp-container-core-columns-is-layout-9d6595d7 wp-block-columns-is-layout-flex\">\n<div class=\"wp-block-column is-layout-flow wp-block-column-is-layout-flow\">\n<ul class=\"wp-block-list\">\n<li><em>Una mosca tibiliciana volando<\/em>  &#8211; LABORY (La Laguna, Tenerife)  &#8211; <em>Marzo 2024 <\/em><\/li>\n<\/ul>\n<\/div>\n<\/div>\n<\/div>\n<\/div>\n\n\n\n<div style=\"height:40px\" aria-hidden=\"true\" class=\"wp-block-spacer\"><\/div>\n\n\n\n<p><\/p>\n","protected":false},"excerpt":{"rendered":"<p>Exposiciones Colectivas<\/p>\n","protected":false},"author":1,"featured_media":670,"parent":0,"menu_order":0,"comment_status":"closed","ping_status":"closed","template":"","meta":{"neve_meta_sidebar":"full-width","neve_meta_container":"contained","neve_meta_enable_content_width":"on","neve_meta_content_width":100,"neve_meta_title_alignment":"left","neve_meta_author_avatar":"","neve_post_elements_order":"","neve_meta_disable_header":"","neve_meta_disable_footer":"","neve_meta_disable_title":"on","_themeisle_gutenberg_block_has_review":false,"two_page_speed":[],"footnotes":""},"class_list":["post-123","page","type-page","status-publish","has-post-thumbnail","hentry"],"yoast_head":"<!-- This site is optimized with the Yoast SEO plugin v27.3 - https:\/\/yoast.com\/product\/yoast-seo-wordpress\/ -->\n<title>Sobre Iris - Iris Garnav<\/title>\n<meta name=\"description\" content=\"Iris Garc\u00eda ( Santa Cruz de Tenerife, 31 de Julio de 1996) conocida como Iris Garnav, es una artista multidisciplinar que fluct\u00faa entre...\" \/>\n<meta name=\"robots\" content=\"index, follow, max-snippet:-1, max-image-preview:large, max-video-preview:-1\" \/>\n<link rel=\"canonical\" href=\"https:\/\/www.irisgarnav.com\/index.php\/bio-irisgarnav\/\" \/>\n<meta property=\"og:locale\" content=\"es_ES\" \/>\n<meta property=\"og:type\" content=\"article\" \/>\n<meta property=\"og:title\" content=\"Sobre Iris - Iris Garnav\" \/>\n<meta property=\"og:description\" content=\"Iris Garc\u00eda ( Santa Cruz de Tenerife, 31 de Julio de 1996) conocida como Iris Garnav, es una artista multidisciplinar que fluct\u00faa entre...\" \/>\n<meta property=\"og:url\" content=\"https:\/\/www.irisgarnav.com\/index.php\/bio-irisgarnav\/\" \/>\n<meta property=\"og:site_name\" content=\"Iris Garnav\" \/>\n<meta property=\"article:modified_time\" content=\"2026-04-05T17:34:11+00:00\" \/>\n<meta property=\"og:image\" content=\"https:\/\/www.irisgarnav.com\/wp-content\/uploads\/2024\/03\/WEB-GARNAV.png\" \/>\n\t<meta property=\"og:image:width\" content=\"1372\" \/>\n\t<meta property=\"og:image:height\" content=\"1804\" \/>\n\t<meta property=\"og:image:type\" content=\"image\/png\" \/>\n<meta name=\"twitter:card\" content=\"summary_large_image\" \/>\n<script type=\"application\/ld+json\" class=\"yoast-schema-graph\">{\"@context\":\"https:\\\/\\\/schema.org\",\"@graph\":[{\"@type\":[\"WebPage\",\"AboutPage\"],\"@id\":\"https:\\\/\\\/www.irisgarnav.com\\\/index.php\\\/bio-irisgarnav\\\/\",\"url\":\"https:\\\/\\\/www.irisgarnav.com\\\/index.php\\\/bio-irisgarnav\\\/\",\"name\":\"Sobre Iris - Iris Garnav\",\"isPartOf\":{\"@id\":\"https:\\\/\\\/www.irisgarnav.com\\\/#website\"},\"primaryImageOfPage\":{\"@id\":\"https:\\\/\\\/www.irisgarnav.com\\\/index.php\\\/bio-irisgarnav\\\/#primaryimage\"},\"image\":{\"@id\":\"https:\\\/\\\/www.irisgarnav.com\\\/index.php\\\/bio-irisgarnav\\\/#primaryimage\"},\"thumbnailUrl\":\"https:\\\/\\\/www.irisgarnav.com\\\/wp-content\\\/uploads\\\/2024\\\/03\\\/WEB-GARNAV.png\",\"datePublished\":\"2020-01-07T16:38:22+00:00\",\"dateModified\":\"2026-04-05T17:34:11+00:00\",\"description\":\"Iris Garc\u00eda ( Santa Cruz de Tenerife, 31 de Julio de 1996) conocida como Iris Garnav, es una artista multidisciplinar que fluct\u00faa entre...\",\"breadcrumb\":{\"@id\":\"https:\\\/\\\/www.irisgarnav.com\\\/index.php\\\/bio-irisgarnav\\\/#breadcrumb\"},\"inLanguage\":\"es\",\"potentialAction\":[{\"@type\":\"ReadAction\",\"target\":[\"https:\\\/\\\/www.irisgarnav.com\\\/index.php\\\/bio-irisgarnav\\\/\"]}]},{\"@type\":\"ImageObject\",\"inLanguage\":\"es\",\"@id\":\"https:\\\/\\\/www.irisgarnav.com\\\/index.php\\\/bio-irisgarnav\\\/#primaryimage\",\"url\":\"https:\\\/\\\/www.irisgarnav.com\\\/wp-content\\\/uploads\\\/2024\\\/03\\\/WEB-GARNAV.png\",\"contentUrl\":\"https:\\\/\\\/www.irisgarnav.com\\\/wp-content\\\/uploads\\\/2024\\\/03\\\/WEB-GARNAV.png\",\"width\":1372,\"height\":1804},{\"@type\":\"BreadcrumbList\",\"@id\":\"https:\\\/\\\/www.irisgarnav.com\\\/index.php\\\/bio-irisgarnav\\\/#breadcrumb\",\"itemListElement\":[{\"@type\":\"ListItem\",\"position\":1,\"name\":\"Portada\",\"item\":\"https:\\\/\\\/www.irisgarnav.com\\\/\"},{\"@type\":\"ListItem\",\"position\":2,\"name\":\"Sobre Iris\"}]},{\"@type\":\"WebSite\",\"@id\":\"https:\\\/\\\/www.irisgarnav.com\\\/#website\",\"url\":\"https:\\\/\\\/www.irisgarnav.com\\\/\",\"name\":\"Iris Garnav\",\"description\":\"Artista Multidisciplinar\",\"publisher\":{\"@id\":\"https:\\\/\\\/www.irisgarnav.com\\\/#\\\/schema\\\/person\\\/54690a0cfe07529c1f9163262b223e9a\"},\"potentialAction\":[{\"@type\":\"SearchAction\",\"target\":{\"@type\":\"EntryPoint\",\"urlTemplate\":\"https:\\\/\\\/www.irisgarnav.com\\\/?s={search_term_string}\"},\"query-input\":{\"@type\":\"PropertyValueSpecification\",\"valueRequired\":true,\"valueName\":\"search_term_string\"}}],\"inLanguage\":\"es\"},{\"@type\":[\"Person\",\"Organization\"],\"@id\":\"https:\\\/\\\/www.irisgarnav.com\\\/#\\\/schema\\\/person\\\/54690a0cfe07529c1f9163262b223e9a\",\"name\":\"Iris Garnav\",\"image\":{\"@type\":\"ImageObject\",\"inLanguage\":\"es\",\"@id\":\"https:\\\/\\\/www.irisgarnav.com\\\/wp-content\\\/uploads\\\/2022\\\/11\\\/cropped-Ilustracio\u0301n-sin-ti\u0301tulo.png\",\"url\":\"https:\\\/\\\/www.irisgarnav.com\\\/wp-content\\\/uploads\\\/2022\\\/11\\\/cropped-Ilustracio\u0301n-sin-ti\u0301tulo.png\",\"contentUrl\":\"https:\\\/\\\/www.irisgarnav.com\\\/wp-content\\\/uploads\\\/2022\\\/11\\\/cropped-Ilustracio\u0301n-sin-ti\u0301tulo.png\",\"width\":200,\"height\":146,\"caption\":\"Iris Garnav\"},\"logo\":{\"@id\":\"https:\\\/\\\/www.irisgarnav.com\\\/wp-content\\\/uploads\\\/2022\\\/11\\\/cropped-Ilustracio\u0301n-sin-ti\u0301tulo.png\"},\"sameAs\":[\"https:\\\/\\\/www.irisgarnav.com\",\"https:\\\/\\\/www.instagram.com\\\/irisgarnav\\\/\",\"https:\\\/\\\/www.youtube.com\\\/irisgarnav\"]}]}<\/script>\n<!-- \/ Yoast SEO plugin. -->","yoast_head_json":{"title":"Sobre Iris - Iris Garnav","description":"Iris Garc\u00eda ( Santa Cruz de Tenerife, 31 de Julio de 1996) conocida como Iris Garnav, es una artista multidisciplinar que fluct\u00faa entre...","robots":{"index":"index","follow":"follow","max-snippet":"max-snippet:-1","max-image-preview":"max-image-preview:large","max-video-preview":"max-video-preview:-1"},"canonical":"https:\/\/www.irisgarnav.com\/index.php\/bio-irisgarnav\/","og_locale":"es_ES","og_type":"article","og_title":"Sobre Iris - Iris Garnav","og_description":"Iris Garc\u00eda ( Santa Cruz de Tenerife, 31 de Julio de 1996) conocida como Iris Garnav, es una artista multidisciplinar que fluct\u00faa entre...","og_url":"https:\/\/www.irisgarnav.com\/index.php\/bio-irisgarnav\/","og_site_name":"Iris Garnav","article_modified_time":"2026-04-05T17:34:11+00:00","og_image":[{"width":1372,"height":1804,"url":"https:\/\/www.irisgarnav.com\/wp-content\/uploads\/2024\/03\/WEB-GARNAV.png","type":"image\/png"}],"twitter_card":"summary_large_image","schema":{"@context":"https:\/\/schema.org","@graph":[{"@type":["WebPage","AboutPage"],"@id":"https:\/\/www.irisgarnav.com\/index.php\/bio-irisgarnav\/","url":"https:\/\/www.irisgarnav.com\/index.php\/bio-irisgarnav\/","name":"Sobre Iris - Iris Garnav","isPartOf":{"@id":"https:\/\/www.irisgarnav.com\/#website"},"primaryImageOfPage":{"@id":"https:\/\/www.irisgarnav.com\/index.php\/bio-irisgarnav\/#primaryimage"},"image":{"@id":"https:\/\/www.irisgarnav.com\/index.php\/bio-irisgarnav\/#primaryimage"},"thumbnailUrl":"https:\/\/www.irisgarnav.com\/wp-content\/uploads\/2024\/03\/WEB-GARNAV.png","datePublished":"2020-01-07T16:38:22+00:00","dateModified":"2026-04-05T17:34:11+00:00","description":"Iris Garc\u00eda ( Santa Cruz de Tenerife, 31 de Julio de 1996) conocida como Iris Garnav, es una artista multidisciplinar que fluct\u00faa entre...","breadcrumb":{"@id":"https:\/\/www.irisgarnav.com\/index.php\/bio-irisgarnav\/#breadcrumb"},"inLanguage":"es","potentialAction":[{"@type":"ReadAction","target":["https:\/\/www.irisgarnav.com\/index.php\/bio-irisgarnav\/"]}]},{"@type":"ImageObject","inLanguage":"es","@id":"https:\/\/www.irisgarnav.com\/index.php\/bio-irisgarnav\/#primaryimage","url":"https:\/\/www.irisgarnav.com\/wp-content\/uploads\/2024\/03\/WEB-GARNAV.png","contentUrl":"https:\/\/www.irisgarnav.com\/wp-content\/uploads\/2024\/03\/WEB-GARNAV.png","width":1372,"height":1804},{"@type":"BreadcrumbList","@id":"https:\/\/www.irisgarnav.com\/index.php\/bio-irisgarnav\/#breadcrumb","itemListElement":[{"@type":"ListItem","position":1,"name":"Portada","item":"https:\/\/www.irisgarnav.com\/"},{"@type":"ListItem","position":2,"name":"Sobre Iris"}]},{"@type":"WebSite","@id":"https:\/\/www.irisgarnav.com\/#website","url":"https:\/\/www.irisgarnav.com\/","name":"Iris Garnav","description":"Artista Multidisciplinar","publisher":{"@id":"https:\/\/www.irisgarnav.com\/#\/schema\/person\/54690a0cfe07529c1f9163262b223e9a"},"potentialAction":[{"@type":"SearchAction","target":{"@type":"EntryPoint","urlTemplate":"https:\/\/www.irisgarnav.com\/?s={search_term_string}"},"query-input":{"@type":"PropertyValueSpecification","valueRequired":true,"valueName":"search_term_string"}}],"inLanguage":"es"},{"@type":["Person","Organization"],"@id":"https:\/\/www.irisgarnav.com\/#\/schema\/person\/54690a0cfe07529c1f9163262b223e9a","name":"Iris Garnav","image":{"@type":"ImageObject","inLanguage":"es","@id":"https:\/\/www.irisgarnav.com\/wp-content\/uploads\/2022\/11\/cropped-Ilustracio\u0301n-sin-ti\u0301tulo.png","url":"https:\/\/www.irisgarnav.com\/wp-content\/uploads\/2022\/11\/cropped-Ilustracio\u0301n-sin-ti\u0301tulo.png","contentUrl":"https:\/\/www.irisgarnav.com\/wp-content\/uploads\/2022\/11\/cropped-Ilustracio\u0301n-sin-ti\u0301tulo.png","width":200,"height":146,"caption":"Iris Garnav"},"logo":{"@id":"https:\/\/www.irisgarnav.com\/wp-content\/uploads\/2022\/11\/cropped-Ilustracio\u0301n-sin-ti\u0301tulo.png"},"sameAs":["https:\/\/www.irisgarnav.com","https:\/\/www.instagram.com\/irisgarnav\/","https:\/\/www.youtube.com\/irisgarnav"]}]}},"_links":{"self":[{"href":"https:\/\/www.irisgarnav.com\/index.php\/wp-json\/wp\/v2\/pages\/123","targetHints":{"allow":["GET"]}}],"collection":[{"href":"https:\/\/www.irisgarnav.com\/index.php\/wp-json\/wp\/v2\/pages"}],"about":[{"href":"https:\/\/www.irisgarnav.com\/index.php\/wp-json\/wp\/v2\/types\/page"}],"author":[{"embeddable":true,"href":"https:\/\/www.irisgarnav.com\/index.php\/wp-json\/wp\/v2\/users\/1"}],"replies":[{"embeddable":true,"href":"https:\/\/www.irisgarnav.com\/index.php\/wp-json\/wp\/v2\/comments?post=123"}],"version-history":[{"count":18,"href":"https:\/\/www.irisgarnav.com\/index.php\/wp-json\/wp\/v2\/pages\/123\/revisions"}],"predecessor-version":[{"id":724,"href":"https:\/\/www.irisgarnav.com\/index.php\/wp-json\/wp\/v2\/pages\/123\/revisions\/724"}],"wp:featuredmedia":[{"embeddable":true,"href":"https:\/\/www.irisgarnav.com\/index.php\/wp-json\/wp\/v2\/media\/670"}],"wp:attachment":[{"href":"https:\/\/www.irisgarnav.com\/index.php\/wp-json\/wp\/v2\/media?parent=123"}],"curies":[{"name":"wp","href":"https:\/\/api.w.org\/{rel}","templated":true}]}}