{"id":374,"date":"2022-11-28T12:47:05","date_gmt":"2022-11-28T12:47:05","guid":{"rendered":"https:\/\/www.irisgarnav.com\/?page_id=374"},"modified":"2022-11-28T13:06:48","modified_gmt":"2022-11-28T13:06:48","slug":"politica-de-cookies","status":"publish","type":"page","link":"https:\/\/www.irisgarnav.com\/index.php\/politica-de-cookies\/","title":{"rendered":"Pol\u00edtica de Cookies"},"content":{"rendered":"\n<div id=\"wp-block-themeisle-blocks-advanced-columns-fa821d97\" class=\"wp-block-themeisle-blocks-advanced-columns has-1-columns has-desktop-equal-layout has-tablet-equal-layout has-mobile-equal-layout has-vertical-unset\"><div class=\"wp-block-themeisle-blocks-advanced-columns-overlay\"><\/div><div class=\"innerblocks-wrap\">\n<div id=\"wp-block-themeisle-blocks-advanced-column-eb4e9eed\" class=\"wp-block-themeisle-blocks-advanced-column\">\n<h3 class=\"wp-block-heading\"><strong>Qu\u00e9 son las Cookies<\/strong><\/h3>\n\n\n\n<p><br>Una Cookie es un fichero que se descarga en su ordenador al entrar a<br>determinadas p\u00e1ginas web. Las cookies permiten a una p\u00e1gina web, entre<br>otras cosas, almacenar y recuperar informaci\u00f3n sobre sus h\u00e1bitos de<br>navegaci\u00f3n y dependiendo de la informaci\u00f3n que contengan y de la forma<br>en que utilice su equipo pueden utilizarse para identificarle.<\/p>\n\n\n\n<h3 class=\"wp-block-heading\"><strong><br>Cookies utilizadas en el sitio Web<\/strong><\/h3>\n\n\n\n<p><br>A continuaci\u00f3n se clasifican las cookies utilizadas por el sitio Web <a href=\"http:\/\/www.irisgarnav.com\" data-type=\"URL\" data-id=\"www.irisgarnav.com\">www.irisgarnav.com<\/a><\/p>\n\n\n\n<p><br><strong>Seg\u00fan la entidad que las gestiona<\/strong><br>\u25cf Cookies propias: Son aquellas enviadas y gestionadas directamente<br>por el Titular.<br>\u25cf Cookies de terceros: Son aquellas que se env\u00edan al Usuario desde<br>un dominio ajeno al Titular.<\/p>\n\n\n\n<p><strong><br>Seg\u00fan su finalidad<\/strong><br>\u25cf Cookies t\u00e9cnicas: Son aquellas que permiten a los usuarios<br>registrados navegar a trav\u00e9s del sitio Web, del \u00e1rea restringida y a<br>utilizar sus diferentes funciones, como por ejemplo, el sistema de<br>comentarios o el buscador o llevar a cabo el proceso de compra de<br>un Producto o Servicio.<br>\u25cf Cookies de personalizaci\u00f3n: Son aquellas que permiten a los<br>usuarios acceder al Servicio con algunas caracter\u00edsticas de car\u00e1cter<br>general predefinidas en funci\u00f3n de una serie de criterios establecidos<br>por el Usuario como, por ejemplo, el idioma o el tipo de navegador a<br>trav\u00e9s del cual se conecta a este sitio Web.<br>\u25cf Cookies de an\u00e1lisis o medici\u00f3n: Son aquellas que, bien tratadas por<br>el sitio Web o por terceros, permiten cuantificar el n\u00famero de<br>usuarios y as\u00ed realizar la medici\u00f3n y an\u00e1lisis estad\u00edstico de la<br>utilizaci\u00f3n que hacen los usuarios del sitio Web. Para ello se analiza<br>la navegaci\u00f3n que realizas en este sitio Web con el fin de mejorarlo.<br>\u25cf Cookies sociales: Son establecidas por las plataformas de redes<br>sociales para permitir a los usuarios compartir contenido con sus<br>amigos y redes.<\/p>\n\n\n\n<p><strong><br>Seg\u00fan su duraci\u00f3n<\/strong><br>\u25cf Cookies de sesi\u00f3n: Son aquellas dise\u00f1adas para recabar y<br>almacenar datos mientras el Usuario accede al sitio Web.<br>\u25cf Cookies persistentes: Son aquellas en las que los datos siguen<br>almacenados en el terminal del Usuario y pueden ser accedidos y<br>tratados durante un per\u00edodo definido por el responsable de la cookie.<\/p>\n\n\n\n<h3 class=\"wp-block-heading\"><strong><br>Listado de cookies utilizadas<\/strong><\/h3>\n\n\n\n<p><br>Este sitio Web puede instalar las siguientes cookies:<\/p>\n\n\n\n<p><br><strong>Cookies t\u00e9cnicas<\/strong><br>\u25cf wp-settings-{user_id}: Cookie t\u00e9cnica que se usa para mantener la<br>configuraci\u00f3n del Usuario en el escritorio de WordPress (\/wp-admin).<br>Es persistente y tiene una duraci\u00f3n de 1 a\u00f1o.<br>\u25cf hasConsent: Cookie t\u00e9cnica que almacena el consentimiento del<br>Usuario. Es persistente y tiene una duraci\u00f3n de 1 a\u00f1o.<br>Cookies de an\u00e1lisis o medici\u00f3n<br>\u25cf _ga: Cookie Anal\u00edtica que habilita la funci\u00f3n de control de visitas<br>\u00fanicas. Es persistente y tiene una duraci\u00f3n de 2 a\u00f1os.<br>\u25cf _gat: Cookie Anal\u00edtica para limitar el n\u00famero de solicitudes. Su<br>\u00e1mbito es la sesi\u00f3n y tiene una duraci\u00f3n de 1 minuto.<br>\u25cf _gid: Cookie Anal\u00edtica para distinguir usuarios. Su \u00e1mbito es la<br>sesi\u00f3n y tiene una duraci\u00f3n de 24 horas.<br>Informaci\u00f3n adicional:<br>\u25cf Google Analytics puede instalar otras cookies seg\u00fan el documento<br>Uso de las cookies de Google Analytics en sitios web que puede<br>consultar en este enlace.<\/p>\n\n\n\n<p><br><strong>Cookies sociales<\/strong><br>\u25cf El sitio Web incluye otras funcionalidades proporcionadas por<br>servicios de terceros y redes sociales para mejorar la experiencia de<br>los visitantes. Puede compartir el contenido en sus redes sociales<br>como Facebook, Twitter, Instagram, Vimeo o YouTube con los<br>botones incluidos a tal efecto o con las herramientas para compartir<br>propias de las redes sociales. Como resultado, estos servicios<br>pueden instalar cookies y utilizarlas para rastrear su actividad online.<br>El Titular no tiene control directo sobre la informaci\u00f3n recopilada por<br>estas cookies.<\/p>\n\n\n\n<p><br>El sitio Web puede instalar otras cookies:<br>_ga<br>_fbp<br>ocn_accepted<br>hubspotutk<br>messagesUtk<br>yasr_visitor_vote_cookie<br>_fbc<br>mp_a36067b00a263cce0299cfd960e26ecf_mixpanel<br>_gid<br>_pk_ref.429638.f37d<br>_pk_id.429638.f37d<br>__hstc<br>__hssrc<br>wordpress_test_cookie<br>_gat_gtag_UA_XXXXXXXXXX<br>wp-settings-*<\/p>\n\n\n\n<h3 class=\"wp-block-heading\"><strong><br>Eliminaci\u00f3n de cookies<\/strong><\/h3>\n\n\n\n<p><br>Puede aceptar, bloquear o eliminar las cookies instaladas en su equipo<br>mediante la configuraci\u00f3n de las opciones del navegador, pero tenga en<br>cuenta que parte del sitio no funcionar\u00e1 correctamente o que algunas de<br>sus funcionalidades no estar\u00e1n disponibles o tendr\u00e1n errores.<br>En los siguientes enlaces encontrar\u00e1 instrucciones para habilitar o<br>deshabilitar las cookies en los navegadores m\u00e1s comunes.<\/p>\n\n\n\n<p><br>\u25cf <a href=\"https:\/\/support.mozilla.org\/es\/kb\/habilitar-y-deshabilitar-cookies-sitios-web-rastrear-preferencias?redirectslug=habilitar-y-deshabilitar-cookies-que-los-sitios-we&amp;redirectlocale=es\" data-type=\"URL\" data-id=\"https:\/\/support.mozilla.org\/es\/kb\/habilitar-y-deshabilitar-cookies-sitios-web-rastrear-preferencias?redirectslug=habilitar-y-deshabilitar-cookies-que-los-sitios-we&amp;redirectlocale=es\">Firefox<\/a><br>\u25cf <a href=\"https:\/\/support.google.com\/chrome\/answer\/95647?hl=es\" data-type=\"URL\" data-id=\"https:\/\/support.google.com\/chrome\/answer\/95647?hl=es\">Google Chrome<\/a><br>\u25cf <a href=\"https:\/\/support.microsoft.com\/es-es\/windows\/eliminar-y-administrar-cookies-168dab11-0753-043d-7c16-ede5947fc64d#ie=%22ie-10\" data-type=\"URL\" data-id=\"https:\/\/support.microsoft.com\/es-es\/windows\/eliminar-y-administrar-cookies-168dab11-0753-043d-7c16-ede5947fc64d#ie=%22ie-10\">Internet Explorer<\/a><br>\u25cf <a href=\"https:\/\/support.microsoft.com\/es-es\/windows\/microsoft-edge-datos-de-exploraci%C3%B3n-y-privacidad-bb8174ba-9d73-dcf2-9b4a-c582b4e640dd\" data-type=\"URL\" data-id=\"https:\/\/support.microsoft.com\/es-es\/windows\/microsoft-edge-datos-de-exploraci%C3%B3n-y-privacidad-bb8174ba-9d73-dcf2-9b4a-c582b4e640dd\">Microsoft Edge<\/a><br>\u25cf <a href=\"https:\/\/support.apple.com\/es-es\/HT201265\" data-type=\"URL\" data-id=\"https:\/\/support.apple.com\/es-es\/HT201265\">Safari<\/a><\/p>\n\n\n\n<h3 class=\"wp-block-heading\"><strong><br>Tratamiento de Datos Personales<\/strong><\/h3>\n\n\n\n<p><br>El Titular es el Responsable del tratamiento de los datos personales del<br>usuario. Puede consultar toda la informaci\u00f3n relativa al tratamiento de<br>datos personales que recoge el Titular en la p\u00e1gina de la: <a href=\"https:\/\/www.irisgarnav.com\/index.php\/politica-de-privacidad\/\">pol\u00edtica<br>de privacidad.<\/a><\/p>\n\n\n\n<h3 class=\"wp-block-heading\"><strong><br>Contacto<\/strong><\/h3>\n\n\n\n<p><br>En caso de que tenga cualquier duda acerca de esta Pol\u00edtica de Cookies o<br>quiera realizar cualquier comentario sobre este sitio Web, puede enviar un<br>mensaje a la direcci\u00f3n de correo electr\u00f3nico: store@irisgarnav.com<\/p>\n<\/div>\n<\/div><\/div>\n","protected":false},"excerpt":{"rendered":"","protected":false},"author":1,"featured_media":0,"parent":0,"menu_order":0,"comment_status":"closed","ping_status":"closed","template":"","meta":{"neve_meta_sidebar":"","neve_meta_container":"","neve_meta_enable_content_width":"","neve_meta_content_width":0,"neve_meta_title_alignment":"","neve_meta_author_avatar":"","neve_post_elements_order":"","neve_meta_disable_header":"","neve_meta_disable_footer":"","neve_meta_disable_title":"","_themeisle_gutenberg_block_has_review":false,"two_page_speed":[],"footnotes":""},"class_list":["post-374","page","type-page","status-publish","hentry"],"yoast_head":"<!-- This site is optimized with the Yoast SEO plugin v27.3 - https:\/\/yoast.com\/product\/yoast-seo-wordpress\/ -->\n<title>Pol\u00edtica de Cookies Iris Garnav - Iris Garnav<\/title>\n<meta name=\"description\" content=\"Artista\" \/>\n<meta name=\"robots\" content=\"noindex, nofollow\" \/>\n<meta property=\"og:locale\" content=\"es_ES\" \/>\n<meta property=\"og:type\" content=\"article\" \/>\n<meta property=\"og:title\" content=\"Pol\u00edtica de Cookies Iris Garnav - Iris Garnav\" \/>\n<meta property=\"og:description\" content=\"Artista\" \/>\n<meta property=\"og:url\" content=\"https:\/\/www.irisgarnav.com\/index.php\/politica-de-cookies\/\" \/>\n<meta property=\"og:site_name\" content=\"Iris Garnav\" \/>\n<meta property=\"article:modified_time\" content=\"2022-11-28T13:06:48+00:00\" \/>\n<meta name=\"twitter:card\" content=\"summary_large_image\" \/>\n<script type=\"application\/ld+json\" class=\"yoast-schema-graph\">{\"@context\":\"https:\\\/\\\/schema.org\",\"@graph\":[{\"@type\":\"WebPage\",\"@id\":\"https:\\\/\\\/www.irisgarnav.com\\\/index.php\\\/politica-de-cookies\\\/\",\"url\":\"https:\\\/\\\/www.irisgarnav.com\\\/index.php\\\/politica-de-cookies\\\/\",\"name\":\"Pol\u00edtica de Cookies Iris Garnav - Iris Garnav\",\"isPartOf\":{\"@id\":\"https:\\\/\\\/www.irisgarnav.com\\\/#website\"},\"datePublished\":\"2022-11-28T12:47:05+00:00\",\"dateModified\":\"2022-11-28T13:06:48+00:00\",\"description\":\"Artista\",\"breadcrumb\":{\"@id\":\"https:\\\/\\\/www.irisgarnav.com\\\/index.php\\\/politica-de-cookies\\\/#breadcrumb\"},\"inLanguage\":\"es\",\"potentialAction\":[{\"@type\":\"ReadAction\",\"target\":[\"https:\\\/\\\/www.irisgarnav.com\\\/index.php\\\/politica-de-cookies\\\/\"]}]},{\"@type\":\"BreadcrumbList\",\"@id\":\"https:\\\/\\\/www.irisgarnav.com\\\/index.php\\\/politica-de-cookies\\\/#breadcrumb\",\"itemListElement\":[{\"@type\":\"ListItem\",\"position\":1,\"name\":\"Portada\",\"item\":\"https:\\\/\\\/www.irisgarnav.com\\\/\"},{\"@type\":\"ListItem\",\"position\":2,\"name\":\"Pol\u00edtica de Cookies\"}]},{\"@type\":\"WebSite\",\"@id\":\"https:\\\/\\\/www.irisgarnav.com\\\/#website\",\"url\":\"https:\\\/\\\/www.irisgarnav.com\\\/\",\"name\":\"Iris Garnav\",\"description\":\"Artista Multidisciplinar\",\"publisher\":{\"@id\":\"https:\\\/\\\/www.irisgarnav.com\\\/#\\\/schema\\\/person\\\/54690a0cfe07529c1f9163262b223e9a\"},\"potentialAction\":[{\"@type\":\"SearchAction\",\"target\":{\"@type\":\"EntryPoint\",\"urlTemplate\":\"https:\\\/\\\/www.irisgarnav.com\\\/?s={search_term_string}\"},\"query-input\":{\"@type\":\"PropertyValueSpecification\",\"valueRequired\":true,\"valueName\":\"search_term_string\"}}],\"inLanguage\":\"es\"},{\"@type\":[\"Person\",\"Organization\"],\"@id\":\"https:\\\/\\\/www.irisgarnav.com\\\/#\\\/schema\\\/person\\\/54690a0cfe07529c1f9163262b223e9a\",\"name\":\"Iris Garnav\",\"image\":{\"@type\":\"ImageObject\",\"inLanguage\":\"es\",\"@id\":\"https:\\\/\\\/www.irisgarnav.com\\\/wp-content\\\/uploads\\\/2022\\\/11\\\/cropped-Ilustracio\u0301n-sin-ti\u0301tulo.png\",\"url\":\"https:\\\/\\\/www.irisgarnav.com\\\/wp-content\\\/uploads\\\/2022\\\/11\\\/cropped-Ilustracio\u0301n-sin-ti\u0301tulo.png\",\"contentUrl\":\"https:\\\/\\\/www.irisgarnav.com\\\/wp-content\\\/uploads\\\/2022\\\/11\\\/cropped-Ilustracio\u0301n-sin-ti\u0301tulo.png\",\"width\":200,\"height\":146,\"caption\":\"Iris Garnav\"},\"logo\":{\"@id\":\"https:\\\/\\\/www.irisgarnav.com\\\/wp-content\\\/uploads\\\/2022\\\/11\\\/cropped-Ilustracio\u0301n-sin-ti\u0301tulo.png\"},\"sameAs\":[\"https:\\\/\\\/www.irisgarnav.com\",\"https:\\\/\\\/www.instagram.com\\\/irisgarnav\\\/\",\"https:\\\/\\\/www.youtube.com\\\/irisgarnav\"]}]}<\/script>\n<!-- \/ Yoast SEO plugin. -->","yoast_head_json":{"title":"Pol\u00edtica de Cookies Iris Garnav - Iris Garnav","description":"Artista","robots":{"index":"noindex","follow":"nofollow"},"og_locale":"es_ES","og_type":"article","og_title":"Pol\u00edtica de Cookies Iris Garnav - Iris Garnav","og_description":"Artista","og_url":"https:\/\/www.irisgarnav.com\/index.php\/politica-de-cookies\/","og_site_name":"Iris Garnav","article_modified_time":"2022-11-28T13:06:48+00:00","twitter_card":"summary_large_image","schema":{"@context":"https:\/\/schema.org","@graph":[{"@type":"WebPage","@id":"https:\/\/www.irisgarnav.com\/index.php\/politica-de-cookies\/","url":"https:\/\/www.irisgarnav.com\/index.php\/politica-de-cookies\/","name":"Pol\u00edtica de Cookies Iris Garnav - Iris Garnav","isPartOf":{"@id":"https:\/\/www.irisgarnav.com\/#website"},"datePublished":"2022-11-28T12:47:05+00:00","dateModified":"2022-11-28T13:06:48+00:00","description":"Artista","breadcrumb":{"@id":"https:\/\/www.irisgarnav.com\/index.php\/politica-de-cookies\/#breadcrumb"},"inLanguage":"es","potentialAction":[{"@type":"ReadAction","target":["https:\/\/www.irisgarnav.com\/index.php\/politica-de-cookies\/"]}]},{"@type":"BreadcrumbList","@id":"https:\/\/www.irisgarnav.com\/index.php\/politica-de-cookies\/#breadcrumb","itemListElement":[{"@type":"ListItem","position":1,"name":"Portada","item":"https:\/\/www.irisgarnav.com\/"},{"@type":"ListItem","position":2,"name":"Pol\u00edtica de Cookies"}]},{"@type":"WebSite","@id":"https:\/\/www.irisgarnav.com\/#website","url":"https:\/\/www.irisgarnav.com\/","name":"Iris Garnav","description":"Artista Multidisciplinar","publisher":{"@id":"https:\/\/www.irisgarnav.com\/#\/schema\/person\/54690a0cfe07529c1f9163262b223e9a"},"potentialAction":[{"@type":"SearchAction","target":{"@type":"EntryPoint","urlTemplate":"https:\/\/www.irisgarnav.com\/?s={search_term_string}"},"query-input":{"@type":"PropertyValueSpecification","valueRequired":true,"valueName":"search_term_string"}}],"inLanguage":"es"},{"@type":["Person","Organization"],"@id":"https:\/\/www.irisgarnav.com\/#\/schema\/person\/54690a0cfe07529c1f9163262b223e9a","name":"Iris Garnav","image":{"@type":"ImageObject","inLanguage":"es","@id":"https:\/\/www.irisgarnav.com\/wp-content\/uploads\/2022\/11\/cropped-Ilustracio\u0301n-sin-ti\u0301tulo.png","url":"https:\/\/www.irisgarnav.com\/wp-content\/uploads\/2022\/11\/cropped-Ilustracio\u0301n-sin-ti\u0301tulo.png","contentUrl":"https:\/\/www.irisgarnav.com\/wp-content\/uploads\/2022\/11\/cropped-Ilustracio\u0301n-sin-ti\u0301tulo.png","width":200,"height":146,"caption":"Iris Garnav"},"logo":{"@id":"https:\/\/www.irisgarnav.com\/wp-content\/uploads\/2022\/11\/cropped-Ilustracio\u0301n-sin-ti\u0301tulo.png"},"sameAs":["https:\/\/www.irisgarnav.com","https:\/\/www.instagram.com\/irisgarnav\/","https:\/\/www.youtube.com\/irisgarnav"]}]}},"_links":{"self":[{"href":"https:\/\/www.irisgarnav.com\/index.php\/wp-json\/wp\/v2\/pages\/374","targetHints":{"allow":["GET"]}}],"collection":[{"href":"https:\/\/www.irisgarnav.com\/index.php\/wp-json\/wp\/v2\/pages"}],"about":[{"href":"https:\/\/www.irisgarnav.com\/index.php\/wp-json\/wp\/v2\/types\/page"}],"author":[{"embeddable":true,"href":"https:\/\/www.irisgarnav.com\/index.php\/wp-json\/wp\/v2\/users\/1"}],"replies":[{"embeddable":true,"href":"https:\/\/www.irisgarnav.com\/index.php\/wp-json\/wp\/v2\/comments?post=374"}],"version-history":[{"count":2,"href":"https:\/\/www.irisgarnav.com\/index.php\/wp-json\/wp\/v2\/pages\/374\/revisions"}],"predecessor-version":[{"id":379,"href":"https:\/\/www.irisgarnav.com\/index.php\/wp-json\/wp\/v2\/pages\/374\/revisions\/379"}],"wp:attachment":[{"href":"https:\/\/www.irisgarnav.com\/index.php\/wp-json\/wp\/v2\/media?parent=374"}],"curies":[{"name":"wp","href":"https:\/\/api.w.org\/{rel}","templated":true}]}}