{"id":625,"date":"2023-03-28T23:50:49","date_gmt":"2023-03-28T22:50:49","guid":{"rendered":"https:\/\/www.irisgarnav.com\/?post_type=product&#038;p=625"},"modified":"2024-03-16T19:27:40","modified_gmt":"2024-03-16T19:27:40","slug":"print-i","status":"publish","type":"product","link":"https:\/\/www.irisgarnav.com\/index.php\/producto\/print-i\/","title":{"rendered":"Prints: Distortion I"},"content":{"rendered":"<p>La reproducci\u00f3n ha sido realizada en papel de acuarela de alto gramaje, lo que ha permitido capturar hasta el m\u00e1s m\u00ednimo detalle del cuadro original.<\/p>\n<p>La edici\u00f3n de este print es limitada (10 prints), lo que significa que solo un n\u00famero selecto de copias han sido creadas, por lo que tendr\u00e1s en tus manos una pieza exclusiva y \u00fanica. Adem\u00e1s, cada print est\u00e1 numerado y firmado por el artista, lo que lo hace a\u00fan m\u00e1s especial y aut\u00e9ntico.<\/p>\n<p>El tama\u00f1o es de 23 x 23 cm, lo que lo hace perfecto para enmarcar y colgar en cualquier pared de tu hogar o lugar de trabajo. La imagen es vibrante y colorida, lo que a\u00f1adir\u00e1 un toque de estilo y elegancia a cualquier espacio.<\/p>\n<p>Si buscas una pieza de arte de edici\u00f3n limitada, hecha con materiales de alta calidad y con una imagen impresionante, este print es para ti.<\/p>\n","protected":false},"excerpt":{"rendered":"<p>La reproducci\u00f3n ha sido realizada en papel de acuarela de alto gramaje, lo que ha permitido capturar hasta el m\u00e1s m\u00ednimo detalle del cuadro original. La edici\u00f3n de este print es limitada (10 prints), lo que significa que solo un n\u00famero selecto de copias han sido creadas, por lo que tendr\u00e1s en tus manos una&hellip;&nbsp;<a href=\"https:\/\/www.irisgarnav.com\/index.php\/producto\/print-i\/\" rel=\"bookmark\">Leer m\u00e1s &raquo;<span class=\"screen-reader-text\">Prints: Distortion I<\/span><\/a><\/p>\n","protected":false},"featured_media":626,"comment_status":"open","ping_status":"closed","template":"","meta":{"neve_meta_sidebar":"","neve_meta_container":"","neve_meta_enable_content_width":"off","neve_meta_content_width":100,"neve_meta_title_alignment":"","neve_meta_author_avatar":"","neve_post_elements_order":"","neve_meta_disable_header":"","neve_meta_disable_footer":"","neve_meta_disable_title":"","_themeisle_gutenberg_block_has_review":false},"product_brand":[],"product_cat":[44,34],"product_tag":[],"class_list":{"0":"post-625","1":"product","2":"type-product","3":"status-publish","4":"has-post-thumbnail","6":"product_cat-distorsiones","7":"product_cat-prints","9":"first","10":"instock","11":"shipping-taxable","12":"purchasable","13":"product-type-simple"},"yoast_head":"<!-- This site is optimized with the Yoast SEO plugin v27.3 - https:\/\/yoast.com\/product\/yoast-seo-wordpress\/ -->\n<title>Prints: Distortion I - Iris Garnav<\/title>\n<meta name=\"description\" content=\"Porfolio y tienda de arte.\" \/>\n<meta name=\"robots\" content=\"index, follow, max-snippet:-1, max-image-preview:large, max-video-preview:-1\" \/>\n<link rel=\"canonical\" href=\"https:\/\/www.irisgarnav.com\/index.php\/producto\/print-i\/\" \/>\n<meta property=\"og:locale\" content=\"es_ES\" \/>\n<meta property=\"og:type\" content=\"article\" \/>\n<meta property=\"og:title\" content=\"Prints: Distortion I - Iris Garnav\" \/>\n<meta property=\"og:description\" content=\"Porfolio y tienda de arte.\" \/>\n<meta property=\"og:url\" content=\"https:\/\/www.irisgarnav.com\/index.php\/producto\/print-i\/\" \/>\n<meta property=\"og:site_name\" content=\"Iris Garnav\" \/>\n<meta property=\"article:modified_time\" content=\"2024-03-16T19:27:40+00:00\" \/>\n<meta property=\"og:image\" content=\"https:\/\/www.irisgarnav.com\/wp-content\/uploads\/2023\/03\/IMG_8124.jpg\" \/>\n\t<meta property=\"og:image:width\" content=\"2048\" \/>\n\t<meta property=\"og:image:height\" content=\"2030\" \/>\n\t<meta property=\"og:image:type\" content=\"image\/jpeg\" \/>\n<meta name=\"twitter:card\" content=\"summary_large_image\" \/>\n<script type=\"application\/ld+json\" class=\"yoast-schema-graph\">{\"@context\":\"https:\\\/\\\/schema.org\",\"@graph\":[{\"@type\":\"WebPage\",\"@id\":\"https:\\\/\\\/www.irisgarnav.com\\\/index.php\\\/producto\\\/print-i\\\/\",\"url\":\"https:\\\/\\\/www.irisgarnav.com\\\/index.php\\\/producto\\\/print-i\\\/\",\"name\":\"Prints: Distortion I - Iris Garnav\",\"isPartOf\":{\"@id\":\"https:\\\/\\\/www.irisgarnav.com\\\/#website\"},\"primaryImageOfPage\":{\"@id\":\"https:\\\/\\\/www.irisgarnav.com\\\/index.php\\\/producto\\\/print-i\\\/#primaryimage\"},\"image\":{\"@id\":\"https:\\\/\\\/www.irisgarnav.com\\\/index.php\\\/producto\\\/print-i\\\/#primaryimage\"},\"thumbnailUrl\":\"https:\\\/\\\/www.irisgarnav.com\\\/wp-content\\\/uploads\\\/2023\\\/03\\\/IMG_8124.jpg\",\"datePublished\":\"2023-03-28T22:50:49+00:00\",\"dateModified\":\"2024-03-16T19:27:40+00:00\",\"description\":\"Porfolio y tienda de arte.\",\"breadcrumb\":{\"@id\":\"https:\\\/\\\/www.irisgarnav.com\\\/index.php\\\/producto\\\/print-i\\\/#breadcrumb\"},\"inLanguage\":\"es\",\"potentialAction\":[{\"@type\":\"ReadAction\",\"target\":[\"https:\\\/\\\/www.irisgarnav.com\\\/index.php\\\/producto\\\/print-i\\\/\"]}]},{\"@type\":\"ImageObject\",\"inLanguage\":\"es\",\"@id\":\"https:\\\/\\\/www.irisgarnav.com\\\/index.php\\\/producto\\\/print-i\\\/#primaryimage\",\"url\":\"https:\\\/\\\/www.irisgarnav.com\\\/wp-content\\\/uploads\\\/2023\\\/03\\\/IMG_8124.jpg\",\"contentUrl\":\"https:\\\/\\\/www.irisgarnav.com\\\/wp-content\\\/uploads\\\/2023\\\/03\\\/IMG_8124.jpg\",\"width\":2048,\"height\":2030},{\"@type\":\"BreadcrumbList\",\"@id\":\"https:\\\/\\\/www.irisgarnav.com\\\/index.php\\\/producto\\\/print-i\\\/#breadcrumb\",\"itemListElement\":[{\"@type\":\"ListItem\",\"position\":1,\"name\":\"Portada\",\"item\":\"https:\\\/\\\/www.irisgarnav.com\\\/\"},{\"@type\":\"ListItem\",\"position\":2,\"name\":\"Tienda\",\"item\":\"https:\\\/\\\/www.irisgarnav.com\\\/index.php\\\/tienda\\\/\"},{\"@type\":\"ListItem\",\"position\":3,\"name\":\"Prints: Distortion I\"}]},{\"@type\":\"WebSite\",\"@id\":\"https:\\\/\\\/www.irisgarnav.com\\\/#website\",\"url\":\"https:\\\/\\\/www.irisgarnav.com\\\/\",\"name\":\"Iris Garnav\",\"description\":\"Artista Multidisciplinar\",\"publisher\":{\"@id\":\"https:\\\/\\\/www.irisgarnav.com\\\/#\\\/schema\\\/person\\\/54690a0cfe07529c1f9163262b223e9a\"},\"potentialAction\":[{\"@type\":\"SearchAction\",\"target\":{\"@type\":\"EntryPoint\",\"urlTemplate\":\"https:\\\/\\\/www.irisgarnav.com\\\/?s={search_term_string}\"},\"query-input\":{\"@type\":\"PropertyValueSpecification\",\"valueRequired\":true,\"valueName\":\"search_term_string\"}}],\"inLanguage\":\"es\"},{\"@type\":[\"Person\",\"Organization\"],\"@id\":\"https:\\\/\\\/www.irisgarnav.com\\\/#\\\/schema\\\/person\\\/54690a0cfe07529c1f9163262b223e9a\",\"name\":\"Iris Garnav\",\"image\":{\"@type\":\"ImageObject\",\"inLanguage\":\"es\",\"@id\":\"https:\\\/\\\/www.irisgarnav.com\\\/wp-content\\\/uploads\\\/2022\\\/11\\\/cropped-Ilustracio\u0301n-sin-ti\u0301tulo.png\",\"url\":\"https:\\\/\\\/www.irisgarnav.com\\\/wp-content\\\/uploads\\\/2022\\\/11\\\/cropped-Ilustracio\u0301n-sin-ti\u0301tulo.png\",\"contentUrl\":\"https:\\\/\\\/www.irisgarnav.com\\\/wp-content\\\/uploads\\\/2022\\\/11\\\/cropped-Ilustracio\u0301n-sin-ti\u0301tulo.png\",\"width\":200,\"height\":146,\"caption\":\"Iris Garnav\"},\"logo\":{\"@id\":\"https:\\\/\\\/www.irisgarnav.com\\\/wp-content\\\/uploads\\\/2022\\\/11\\\/cropped-Ilustracio\u0301n-sin-ti\u0301tulo.png\"},\"sameAs\":[\"https:\\\/\\\/www.irisgarnav.com\",\"https:\\\/\\\/www.instagram.com\\\/irisgarnav\\\/\",\"https:\\\/\\\/www.youtube.com\\\/irisgarnav\"]}]}<\/script>\n<!-- \/ Yoast SEO plugin. -->","yoast_head_json":{"title":"Prints: Distortion I - Iris Garnav","description":"Porfolio y tienda de arte.","robots":{"index":"index","follow":"follow","max-snippet":"max-snippet:-1","max-image-preview":"max-image-preview:large","max-video-preview":"max-video-preview:-1"},"canonical":"https:\/\/www.irisgarnav.com\/index.php\/producto\/print-i\/","og_locale":"es_ES","og_type":"article","og_title":"Prints: Distortion I - Iris Garnav","og_description":"Porfolio y tienda de arte.","og_url":"https:\/\/www.irisgarnav.com\/index.php\/producto\/print-i\/","og_site_name":"Iris Garnav","article_modified_time":"2024-03-16T19:27:40+00:00","og_image":[{"width":2048,"height":2030,"url":"https:\/\/www.irisgarnav.com\/wp-content\/uploads\/2023\/03\/IMG_8124.jpg","type":"image\/jpeg"}],"twitter_card":"summary_large_image","schema":{"@context":"https:\/\/schema.org","@graph":[{"@type":"WebPage","@id":"https:\/\/www.irisgarnav.com\/index.php\/producto\/print-i\/","url":"https:\/\/www.irisgarnav.com\/index.php\/producto\/print-i\/","name":"Prints: Distortion I - Iris Garnav","isPartOf":{"@id":"https:\/\/www.irisgarnav.com\/#website"},"primaryImageOfPage":{"@id":"https:\/\/www.irisgarnav.com\/index.php\/producto\/print-i\/#primaryimage"},"image":{"@id":"https:\/\/www.irisgarnav.com\/index.php\/producto\/print-i\/#primaryimage"},"thumbnailUrl":"https:\/\/www.irisgarnav.com\/wp-content\/uploads\/2023\/03\/IMG_8124.jpg","datePublished":"2023-03-28T22:50:49+00:00","dateModified":"2024-03-16T19:27:40+00:00","description":"Porfolio y tienda de arte.","breadcrumb":{"@id":"https:\/\/www.irisgarnav.com\/index.php\/producto\/print-i\/#breadcrumb"},"inLanguage":"es","potentialAction":[{"@type":"ReadAction","target":["https:\/\/www.irisgarnav.com\/index.php\/producto\/print-i\/"]}]},{"@type":"ImageObject","inLanguage":"es","@id":"https:\/\/www.irisgarnav.com\/index.php\/producto\/print-i\/#primaryimage","url":"https:\/\/www.irisgarnav.com\/wp-content\/uploads\/2023\/03\/IMG_8124.jpg","contentUrl":"https:\/\/www.irisgarnav.com\/wp-content\/uploads\/2023\/03\/IMG_8124.jpg","width":2048,"height":2030},{"@type":"BreadcrumbList","@id":"https:\/\/www.irisgarnav.com\/index.php\/producto\/print-i\/#breadcrumb","itemListElement":[{"@type":"ListItem","position":1,"name":"Portada","item":"https:\/\/www.irisgarnav.com\/"},{"@type":"ListItem","position":2,"name":"Tienda","item":"https:\/\/www.irisgarnav.com\/index.php\/tienda\/"},{"@type":"ListItem","position":3,"name":"Prints: Distortion I"}]},{"@type":"WebSite","@id":"https:\/\/www.irisgarnav.com\/#website","url":"https:\/\/www.irisgarnav.com\/","name":"Iris Garnav","description":"Artista Multidisciplinar","publisher":{"@id":"https:\/\/www.irisgarnav.com\/#\/schema\/person\/54690a0cfe07529c1f9163262b223e9a"},"potentialAction":[{"@type":"SearchAction","target":{"@type":"EntryPoint","urlTemplate":"https:\/\/www.irisgarnav.com\/?s={search_term_string}"},"query-input":{"@type":"PropertyValueSpecification","valueRequired":true,"valueName":"search_term_string"}}],"inLanguage":"es"},{"@type":["Person","Organization"],"@id":"https:\/\/www.irisgarnav.com\/#\/schema\/person\/54690a0cfe07529c1f9163262b223e9a","name":"Iris Garnav","image":{"@type":"ImageObject","inLanguage":"es","@id":"https:\/\/www.irisgarnav.com\/wp-content\/uploads\/2022\/11\/cropped-Ilustracio\u0301n-sin-ti\u0301tulo.png","url":"https:\/\/www.irisgarnav.com\/wp-content\/uploads\/2022\/11\/cropped-Ilustracio\u0301n-sin-ti\u0301tulo.png","contentUrl":"https:\/\/www.irisgarnav.com\/wp-content\/uploads\/2022\/11\/cropped-Ilustracio\u0301n-sin-ti\u0301tulo.png","width":200,"height":146,"caption":"Iris Garnav"},"logo":{"@id":"https:\/\/www.irisgarnav.com\/wp-content\/uploads\/2022\/11\/cropped-Ilustracio\u0301n-sin-ti\u0301tulo.png"},"sameAs":["https:\/\/www.irisgarnav.com","https:\/\/www.instagram.com\/irisgarnav\/","https:\/\/www.youtube.com\/irisgarnav"]}]}},"_links":{"self":[{"href":"https:\/\/www.irisgarnav.com\/index.php\/wp-json\/wp\/v2\/product\/625","targetHints":{"allow":["GET"]}}],"collection":[{"href":"https:\/\/www.irisgarnav.com\/index.php\/wp-json\/wp\/v2\/product"}],"about":[{"href":"https:\/\/www.irisgarnav.com\/index.php\/wp-json\/wp\/v2\/types\/product"}],"replies":[{"embeddable":true,"href":"https:\/\/www.irisgarnav.com\/index.php\/wp-json\/wp\/v2\/comments?post=625"}],"wp:featuredmedia":[{"embeddable":true,"href":"https:\/\/www.irisgarnav.com\/index.php\/wp-json\/wp\/v2\/media\/626"}],"wp:attachment":[{"href":"https:\/\/www.irisgarnav.com\/index.php\/wp-json\/wp\/v2\/media?parent=625"}],"wp:term":[{"taxonomy":"product_brand","embeddable":true,"href":"https:\/\/www.irisgarnav.com\/index.php\/wp-json\/wp\/v2\/product_brand?post=625"},{"taxonomy":"product_cat","embeddable":true,"href":"https:\/\/www.irisgarnav.com\/index.php\/wp-json\/wp\/v2\/product_cat?post=625"},{"taxonomy":"product_tag","embeddable":true,"href":"https:\/\/www.irisgarnav.com\/index.php\/wp-json\/wp\/v2\/product_tag?post=625"}],"curies":[{"name":"wp","href":"https:\/\/api.w.org\/{rel}","templated":true}]}}