{"id":699,"date":"2024-03-24T16:06:42","date_gmt":"2024-03-24T16:06:42","guid":{"rendered":"https:\/\/www.irisgarnav.com\/?post_type=product&#038;p=699"},"modified":"2024-03-24T16:35:05","modified_gmt":"2024-03-24T16:35:05","slug":"hogar","status":"publish","type":"product","link":"https:\/\/www.irisgarnav.com\/index.php\/producto\/hogar\/","title":{"rendered":"Hogar"},"content":{"rendered":"<p>Esta obra pertenece a la serie realizada para la exposici\u00f3n colectiva \u00abUna mosca tibiliciana volando\u00bb y se relaciona con la percepci\u00f3n de la realidad y el transporte. En esta, se alude al hogar, simbolizando el ancla a la vida cotidiana. El icono que simboliza un plano de una casa representa de cierta forma la comodidad, la seguridad y las relaciones personales dentro de casa, siendo todo lo externo a esta, las vivencias que podemos tener si nos alejamos de este hogar. Las distorsiones, en este caso, indican una ruptura con la familiaridad y la rutina o, por otra parte, las experiencias perdidas cuando no se sale de casa. Tambi\u00e9n simbolizan el ruido, el estr\u00e9s y las vivencias de la vida cuando se carece de un hogar, ya sea en el sentido literal o entendi\u00e9ndose el hogar como un espacio de descanso seguro y en el que poder desconectar o descansar del resto del mundo y el ajetreo cotidiano.<\/p>\n<p>Las l\u00edneas rectas que aparecen de colores aluden a los caminos elegidos durante la vida, siendo cada uno la puerta de acceso a diversas experiencias que pueden influir de distinta forma en la vida de cada persona.<\/p>\n<p>La representaci\u00f3n de partes del rostro separadas y borrosas tambi\u00e9n invita a reflexionar sobre la naturaleza subjetiva de la experiencia humana y la forma en que percibimos el mundo que nos rodea. Esto sugiere que nuestras experiencias de viaje y transporte est\u00e1n filtradas por nuestras propias percepciones y emociones, lo que a su vez influye en c\u00f3mo interpretamos y recordamos esos momentos.<\/p>\n<p>Se puede ver que en cada obra aparece un icono diferente y que alude a cada uno de los aspectos tratados: a los medios digitales, a la carretera y al hogar.<\/p>\n","protected":false},"excerpt":{"rendered":"<p>Esta pintura se encuentra actualmente en periodo de exposici\u00f3n y solamente est\u00e1 disponible en la tienda f\u00edsica Labor\u00fd Lab <a tabindex=\"0\" href=\"https:\/\/www.google.com\/maps\/place\/\/data=!4m2!3m1!1s0xc41cd4e3b0cef9f:0x7c7dd889ac0ffdac?sa=X&amp;ved=1t:8290&amp;ictx=111\" data-url=\"\/maps\/place\/\/data=!4m2!3m1!1s0xc41cd4e3b0cef9f:0x7c7dd889ac0ffdac?sa=X&amp;ved=2ahUKEwinlKXSoY2FAxWx9gIHHatmAIYQ4kB6BAgkEAA\">(C. San Agust\u00edn, 42, 38201 La Laguna, Santa Cruz de Tenerife)<\/a><\/p>\n<ul>\n<li><strong>Acr\u00edlico sobre lienzo<\/strong><\/li>\n<li><strong><span class=\"JsGRdQ\">33 x 22 cm<\/span><\/strong><\/li>\n<li><strong>2024<\/strong><\/li>\n<\/ul>\n","protected":false},"featured_media":700,"comment_status":"open","ping_status":"closed","template":"","meta":{"neve_meta_sidebar":"","neve_meta_container":"","neve_meta_enable_content_width":"off","neve_meta_content_width":100,"neve_meta_title_alignment":"","neve_meta_author_avatar":"","neve_post_elements_order":"","neve_meta_disable_header":"","neve_meta_disable_footer":"","neve_meta_disable_title":"","_themeisle_gutenberg_block_has_review":false},"product_brand":[],"product_cat":[68,19,51,29,42,43,71],"product_tag":[],"class_list":{"0":"post-699","1":"product","2":"type-product","3":"status-publish","4":"has-post-thumbnail","6":"product_cat-68","7":"product_cat-acrilico","8":"product_cat-ano","9":"product_cat-pintura","10":"product_cat-retrato","11":"product_cat-series","12":"product_cat-una-mosca-volando","14":"first","15":"onbackorder","16":"shipping-taxable","17":"purchasable","18":"product-type-simple"},"yoast_head":"<!-- This site is optimized with the Yoast SEO plugin v27.3 - https:\/\/yoast.com\/product\/yoast-seo-wordpress\/ -->\n<title>Hogar - Iris Garnav Iris Garnav<\/title>\n<meta name=\"description\" content=\"pintura, acr\u00edlico sobre lienzo, 33 x 33 cm, 2024\" \/>\n<meta name=\"robots\" content=\"index, follow, max-snippet:-1, max-image-preview:large, max-video-preview:-1\" \/>\n<link rel=\"canonical\" href=\"https:\/\/www.irisgarnav.com\/index.php\/producto\/hogar\/\" \/>\n<meta property=\"og:locale\" content=\"es_ES\" \/>\n<meta property=\"og:type\" content=\"article\" \/>\n<meta property=\"og:title\" content=\"Hogar - Iris Garnav Iris Garnav\" \/>\n<meta property=\"og:description\" content=\"pintura, acr\u00edlico sobre lienzo, 33 x 33 cm, 2024\" \/>\n<meta property=\"og:url\" content=\"https:\/\/www.irisgarnav.com\/index.php\/producto\/hogar\/\" \/>\n<meta property=\"og:site_name\" content=\"Iris Garnav\" \/>\n<meta property=\"article:modified_time\" content=\"2024-03-24T16:35:05+00:00\" \/>\n<meta property=\"og:image\" content=\"https:\/\/www.irisgarnav.com\/wp-content\/uploads\/2024\/03\/Captura-de-pantalla-2024-03-04-a-las-19.31.20.png\" \/>\n\t<meta property=\"og:image:width\" content=\"522\" \/>\n\t<meta property=\"og:image:height\" content=\"798\" \/>\n\t<meta property=\"og:image:type\" content=\"image\/png\" \/>\n<meta name=\"twitter:card\" content=\"summary_large_image\" \/>\n<script type=\"application\/ld+json\" class=\"yoast-schema-graph\">{\"@context\":\"https:\\\/\\\/schema.org\",\"@graph\":[{\"@type\":\"WebPage\",\"@id\":\"https:\\\/\\\/www.irisgarnav.com\\\/index.php\\\/producto\\\/hogar\\\/\",\"url\":\"https:\\\/\\\/www.irisgarnav.com\\\/index.php\\\/producto\\\/hogar\\\/\",\"name\":\"Hogar - Iris Garnav Iris Garnav\",\"isPartOf\":{\"@id\":\"https:\\\/\\\/www.irisgarnav.com\\\/#website\"},\"primaryImageOfPage\":{\"@id\":\"https:\\\/\\\/www.irisgarnav.com\\\/index.php\\\/producto\\\/hogar\\\/#primaryimage\"},\"image\":{\"@id\":\"https:\\\/\\\/www.irisgarnav.com\\\/index.php\\\/producto\\\/hogar\\\/#primaryimage\"},\"thumbnailUrl\":\"https:\\\/\\\/www.irisgarnav.com\\\/wp-content\\\/uploads\\\/2024\\\/03\\\/Captura-de-pantalla-2024-03-04-a-las-19.31.20.png\",\"datePublished\":\"2024-03-24T16:06:42+00:00\",\"dateModified\":\"2024-03-24T16:35:05+00:00\",\"description\":\"pintura, acr\u00edlico sobre lienzo, 33 x 33 cm, 2024\",\"breadcrumb\":{\"@id\":\"https:\\\/\\\/www.irisgarnav.com\\\/index.php\\\/producto\\\/hogar\\\/#breadcrumb\"},\"inLanguage\":\"es\",\"potentialAction\":[{\"@type\":\"ReadAction\",\"target\":[\"https:\\\/\\\/www.irisgarnav.com\\\/index.php\\\/producto\\\/hogar\\\/\"]}]},{\"@type\":\"ImageObject\",\"inLanguage\":\"es\",\"@id\":\"https:\\\/\\\/www.irisgarnav.com\\\/index.php\\\/producto\\\/hogar\\\/#primaryimage\",\"url\":\"https:\\\/\\\/www.irisgarnav.com\\\/wp-content\\\/uploads\\\/2024\\\/03\\\/Captura-de-pantalla-2024-03-04-a-las-19.31.20.png\",\"contentUrl\":\"https:\\\/\\\/www.irisgarnav.com\\\/wp-content\\\/uploads\\\/2024\\\/03\\\/Captura-de-pantalla-2024-03-04-a-las-19.31.20.png\",\"width\":522,\"height\":798},{\"@type\":\"BreadcrumbList\",\"@id\":\"https:\\\/\\\/www.irisgarnav.com\\\/index.php\\\/producto\\\/hogar\\\/#breadcrumb\",\"itemListElement\":[{\"@type\":\"ListItem\",\"position\":1,\"name\":\"Portada\",\"item\":\"https:\\\/\\\/www.irisgarnav.com\\\/\"},{\"@type\":\"ListItem\",\"position\":2,\"name\":\"Tienda\",\"item\":\"https:\\\/\\\/www.irisgarnav.com\\\/index.php\\\/tienda\\\/\"},{\"@type\":\"ListItem\",\"position\":3,\"name\":\"Hogar\"}]},{\"@type\":\"WebSite\",\"@id\":\"https:\\\/\\\/www.irisgarnav.com\\\/#website\",\"url\":\"https:\\\/\\\/www.irisgarnav.com\\\/\",\"name\":\"Iris Garnav\",\"description\":\"Artista Multidisciplinar\",\"publisher\":{\"@id\":\"https:\\\/\\\/www.irisgarnav.com\\\/#\\\/schema\\\/person\\\/54690a0cfe07529c1f9163262b223e9a\"},\"potentialAction\":[{\"@type\":\"SearchAction\",\"target\":{\"@type\":\"EntryPoint\",\"urlTemplate\":\"https:\\\/\\\/www.irisgarnav.com\\\/?s={search_term_string}\"},\"query-input\":{\"@type\":\"PropertyValueSpecification\",\"valueRequired\":true,\"valueName\":\"search_term_string\"}}],\"inLanguage\":\"es\"},{\"@type\":[\"Person\",\"Organization\"],\"@id\":\"https:\\\/\\\/www.irisgarnav.com\\\/#\\\/schema\\\/person\\\/54690a0cfe07529c1f9163262b223e9a\",\"name\":\"Iris Garnav\",\"image\":{\"@type\":\"ImageObject\",\"inLanguage\":\"es\",\"@id\":\"https:\\\/\\\/www.irisgarnav.com\\\/wp-content\\\/uploads\\\/2022\\\/11\\\/cropped-Ilustracio\u0301n-sin-ti\u0301tulo.png\",\"url\":\"https:\\\/\\\/www.irisgarnav.com\\\/wp-content\\\/uploads\\\/2022\\\/11\\\/cropped-Ilustracio\u0301n-sin-ti\u0301tulo.png\",\"contentUrl\":\"https:\\\/\\\/www.irisgarnav.com\\\/wp-content\\\/uploads\\\/2022\\\/11\\\/cropped-Ilustracio\u0301n-sin-ti\u0301tulo.png\",\"width\":200,\"height\":146,\"caption\":\"Iris Garnav\"},\"logo\":{\"@id\":\"https:\\\/\\\/www.irisgarnav.com\\\/wp-content\\\/uploads\\\/2022\\\/11\\\/cropped-Ilustracio\u0301n-sin-ti\u0301tulo.png\"},\"sameAs\":[\"https:\\\/\\\/www.irisgarnav.com\",\"https:\\\/\\\/www.instagram.com\\\/irisgarnav\\\/\",\"https:\\\/\\\/www.youtube.com\\\/irisgarnav\"]}]}<\/script>\n<!-- \/ Yoast SEO plugin. -->","yoast_head_json":{"title":"Hogar - Iris Garnav Iris Garnav","description":"pintura, acr\u00edlico sobre lienzo, 33 x 33 cm, 2024","robots":{"index":"index","follow":"follow","max-snippet":"max-snippet:-1","max-image-preview":"max-image-preview:large","max-video-preview":"max-video-preview:-1"},"canonical":"https:\/\/www.irisgarnav.com\/index.php\/producto\/hogar\/","og_locale":"es_ES","og_type":"article","og_title":"Hogar - Iris Garnav Iris Garnav","og_description":"pintura, acr\u00edlico sobre lienzo, 33 x 33 cm, 2024","og_url":"https:\/\/www.irisgarnav.com\/index.php\/producto\/hogar\/","og_site_name":"Iris Garnav","article_modified_time":"2024-03-24T16:35:05+00:00","og_image":[{"width":522,"height":798,"url":"https:\/\/www.irisgarnav.com\/wp-content\/uploads\/2024\/03\/Captura-de-pantalla-2024-03-04-a-las-19.31.20.png","type":"image\/png"}],"twitter_card":"summary_large_image","schema":{"@context":"https:\/\/schema.org","@graph":[{"@type":"WebPage","@id":"https:\/\/www.irisgarnav.com\/index.php\/producto\/hogar\/","url":"https:\/\/www.irisgarnav.com\/index.php\/producto\/hogar\/","name":"Hogar - Iris Garnav Iris Garnav","isPartOf":{"@id":"https:\/\/www.irisgarnav.com\/#website"},"primaryImageOfPage":{"@id":"https:\/\/www.irisgarnav.com\/index.php\/producto\/hogar\/#primaryimage"},"image":{"@id":"https:\/\/www.irisgarnav.com\/index.php\/producto\/hogar\/#primaryimage"},"thumbnailUrl":"https:\/\/www.irisgarnav.com\/wp-content\/uploads\/2024\/03\/Captura-de-pantalla-2024-03-04-a-las-19.31.20.png","datePublished":"2024-03-24T16:06:42+00:00","dateModified":"2024-03-24T16:35:05+00:00","description":"pintura, acr\u00edlico sobre lienzo, 33 x 33 cm, 2024","breadcrumb":{"@id":"https:\/\/www.irisgarnav.com\/index.php\/producto\/hogar\/#breadcrumb"},"inLanguage":"es","potentialAction":[{"@type":"ReadAction","target":["https:\/\/www.irisgarnav.com\/index.php\/producto\/hogar\/"]}]},{"@type":"ImageObject","inLanguage":"es","@id":"https:\/\/www.irisgarnav.com\/index.php\/producto\/hogar\/#primaryimage","url":"https:\/\/www.irisgarnav.com\/wp-content\/uploads\/2024\/03\/Captura-de-pantalla-2024-03-04-a-las-19.31.20.png","contentUrl":"https:\/\/www.irisgarnav.com\/wp-content\/uploads\/2024\/03\/Captura-de-pantalla-2024-03-04-a-las-19.31.20.png","width":522,"height":798},{"@type":"BreadcrumbList","@id":"https:\/\/www.irisgarnav.com\/index.php\/producto\/hogar\/#breadcrumb","itemListElement":[{"@type":"ListItem","position":1,"name":"Portada","item":"https:\/\/www.irisgarnav.com\/"},{"@type":"ListItem","position":2,"name":"Tienda","item":"https:\/\/www.irisgarnav.com\/index.php\/tienda\/"},{"@type":"ListItem","position":3,"name":"Hogar"}]},{"@type":"WebSite","@id":"https:\/\/www.irisgarnav.com\/#website","url":"https:\/\/www.irisgarnav.com\/","name":"Iris Garnav","description":"Artista Multidisciplinar","publisher":{"@id":"https:\/\/www.irisgarnav.com\/#\/schema\/person\/54690a0cfe07529c1f9163262b223e9a"},"potentialAction":[{"@type":"SearchAction","target":{"@type":"EntryPoint","urlTemplate":"https:\/\/www.irisgarnav.com\/?s={search_term_string}"},"query-input":{"@type":"PropertyValueSpecification","valueRequired":true,"valueName":"search_term_string"}}],"inLanguage":"es"},{"@type":["Person","Organization"],"@id":"https:\/\/www.irisgarnav.com\/#\/schema\/person\/54690a0cfe07529c1f9163262b223e9a","name":"Iris Garnav","image":{"@type":"ImageObject","inLanguage":"es","@id":"https:\/\/www.irisgarnav.com\/wp-content\/uploads\/2022\/11\/cropped-Ilustracio\u0301n-sin-ti\u0301tulo.png","url":"https:\/\/www.irisgarnav.com\/wp-content\/uploads\/2022\/11\/cropped-Ilustracio\u0301n-sin-ti\u0301tulo.png","contentUrl":"https:\/\/www.irisgarnav.com\/wp-content\/uploads\/2022\/11\/cropped-Ilustracio\u0301n-sin-ti\u0301tulo.png","width":200,"height":146,"caption":"Iris Garnav"},"logo":{"@id":"https:\/\/www.irisgarnav.com\/wp-content\/uploads\/2022\/11\/cropped-Ilustracio\u0301n-sin-ti\u0301tulo.png"},"sameAs":["https:\/\/www.irisgarnav.com","https:\/\/www.instagram.com\/irisgarnav\/","https:\/\/www.youtube.com\/irisgarnav"]}]}},"_links":{"self":[{"href":"https:\/\/www.irisgarnav.com\/index.php\/wp-json\/wp\/v2\/product\/699","targetHints":{"allow":["GET"]}}],"collection":[{"href":"https:\/\/www.irisgarnav.com\/index.php\/wp-json\/wp\/v2\/product"}],"about":[{"href":"https:\/\/www.irisgarnav.com\/index.php\/wp-json\/wp\/v2\/types\/product"}],"replies":[{"embeddable":true,"href":"https:\/\/www.irisgarnav.com\/index.php\/wp-json\/wp\/v2\/comments?post=699"}],"wp:featuredmedia":[{"embeddable":true,"href":"https:\/\/www.irisgarnav.com\/index.php\/wp-json\/wp\/v2\/media\/700"}],"wp:attachment":[{"href":"https:\/\/www.irisgarnav.com\/index.php\/wp-json\/wp\/v2\/media?parent=699"}],"wp:term":[{"taxonomy":"product_brand","embeddable":true,"href":"https:\/\/www.irisgarnav.com\/index.php\/wp-json\/wp\/v2\/product_brand?post=699"},{"taxonomy":"product_cat","embeddable":true,"href":"https:\/\/www.irisgarnav.com\/index.php\/wp-json\/wp\/v2\/product_cat?post=699"},{"taxonomy":"product_tag","embeddable":true,"href":"https:\/\/www.irisgarnav.com\/index.php\/wp-json\/wp\/v2\/product_tag?post=699"}],"curies":[{"name":"wp","href":"https:\/\/api.w.org\/{rel}","templated":true}]}}