{"id":704,"date":"2024-03-24T16:31:18","date_gmt":"2024-03-24T16:31:18","guid":{"rendered":"https:\/\/www.irisgarnav.com\/?post_type=product&#038;p=704"},"modified":"2024-03-24T16:31:19","modified_gmt":"2024-03-24T16:31:19","slug":"carretera","status":"publish","type":"product","link":"https:\/\/www.irisgarnav.com\/index.php\/producto\/carretera\/","title":{"rendered":"Carretera"},"content":{"rendered":"<p><span style=\"font-weight: 400;\">Esta obra pertenece a la serie realizada para la exposici\u00f3n colectiva \u00abUna mosca tibiliciana volando\u00bb y se relaciona con la percepci\u00f3n de la realidad y el transporte. En esta, se alude al hogar, simbolizando el ancla a la vida cotidiana.<\/span><\/p>\n<p>El hecho de estar constantemente desplaz\u00e1ndonos, muchas veces durante horas, puede dar lugar a un espacio de meditaci\u00f3n y desconexi\u00f3n o a nuevos conocimientos y experiencias, ya sea a trav\u00e9s de otras personas que nos acompa\u00f1en en dicho transporte; si se aprovecha ese tiempo para aprender a trav\u00e9s de podcasts; o simplemente disfrutar de la m\u00fasica o el silencio. Algo que tambi\u00e9n puede ocurrir es que no podamos disfrutar de socializar o de acudir a eventos sociales por el hecho de gestionar el tiempo de transporte. Por ejemplo, alguien que viva en la zona sur de la isla y estudie en la universidad en la zona norte, desplaz\u00e1ndose de forma diaria a esta parte de la isla, quiz\u00e1s no pueda disfrutar de forma totalmente espont\u00e1nea de diversos acontecimientos o reuniones sociales, sino que debe gestionar constantemente el tiempo que supone el desplazamiento o los horarios del mismo, perdiendo muchas veces experiencias de las que disfrutar\u00eda si no tuviera que desplazarse. De nuevo, aqu\u00ed entran en juego las distorsiones, para aludir a esas experiencias que se pierden o que llegan a trav\u00e9s del acto de transportarse por carretera.<\/p>\n<p>La cowgirl en una de las obras, aparece como s\u00edmbolo de la experiencia f\u00edsica y emocional en la carretera, con sus vastos paisajes y sus encuentros fugaces.<\/p>\n<p><span style=\"font-weight: 400;\">Las l\u00edneas rectas que aparecen de colores aluden a los caminos elegidos durante la vida, siendo cada uno la puerta de acceso a diversas experiencias que pueden influir de distinta forma en la vida de cada persona.<\/span><\/p>\n<p><span style=\"font-weight: 400;\">La representaci\u00f3n de partes del rostro separadas y borrosas tambi\u00e9n invita a reflexionar sobre la naturaleza subjetiva de la experiencia humana y la forma en que percibimos el mundo que nos rodea. Esto sugiere que nuestras experiencias de viaje y transporte est\u00e1n filtradas por nuestras propias percepciones y emociones, lo que a su vez influye en c\u00f3mo interpretamos y recordamos esos momentos.<\/span><\/p>\n<p><span style=\"font-weight: 400;\">Se puede ver que en cada obra aparece un icono diferente y que alude a cada uno de los aspectos tratados: a los medios digitales, a la carretera y al hogar.<\/span><\/p>\n","protected":false},"excerpt":{"rendered":"<p>Esta pintura se encuentra actualmente en periodo de exposici\u00f3n y solamente est\u00e1 disponible en la tienda f\u00edsica Labor\u00fd Lab <a tabindex=\"0\" href=\"https:\/\/www.google.com\/maps\/place\/\/data=!4m2!3m1!1s0xc41cd4e3b0cef9f:0x7c7dd889ac0ffdac?sa=X&amp;ved=1t:8290&amp;ictx=111\" data-url=\"\/maps\/place\/\/data=!4m2!3m1!1s0xc41cd4e3b0cef9f:0x7c7dd889ac0ffdac?sa=X&amp;ved=2ahUKEwinlKXSoY2FAxWx9gIHHatmAIYQ4kB6BAgkEAA\">(C. San Agust\u00edn, 42, 38201 La Laguna, Santa Cruz de Tenerife)<\/a><\/p>\n<ul>\n<li><strong>Acr\u00edlico sobre lienzo<\/strong><\/li>\n<li><strong><span class=\"JsGRdQ\">27 x 22 cm<\/span><\/strong><\/li>\n<li><strong>2024<\/strong><\/li>\n<\/ul>\n","protected":false},"featured_media":705,"comment_status":"open","ping_status":"closed","template":"","meta":{"neve_meta_sidebar":"","neve_meta_container":"","neve_meta_enable_content_width":"off","neve_meta_content_width":100,"neve_meta_title_alignment":"","neve_meta_author_avatar":"","neve_post_elements_order":"","neve_meta_disable_header":"","neve_meta_disable_footer":"","neve_meta_disable_title":"","_themeisle_gutenberg_block_has_review":false},"product_brand":[],"product_cat":[68,51,29,42,43,71],"product_tag":[],"class_list":{"0":"post-704","1":"product","2":"type-product","3":"status-publish","4":"has-post-thumbnail","6":"product_cat-68","7":"product_cat-ano","8":"product_cat-pintura","9":"product_cat-retrato","10":"product_cat-series","11":"product_cat-una-mosca-volando","13":"first","14":"onbackorder","15":"shipping-taxable","16":"purchasable","17":"product-type-simple"},"yoast_head":"<!-- This site is optimized with the Yoast SEO plugin v27.3 - https:\/\/yoast.com\/product\/yoast-seo-wordpress\/ -->\n<title>Carretera - Iris Garnav<\/title>\n<meta name=\"description\" content=\"pintura, acr\u00edlico sobre lienzo, 27 x 22 cm, 2024\" \/>\n<meta name=\"robots\" content=\"index, follow, max-snippet:-1, max-image-preview:large, max-video-preview:-1\" \/>\n<link rel=\"canonical\" href=\"https:\/\/www.irisgarnav.com\/index.php\/producto\/carretera\/\" \/>\n<meta property=\"og:locale\" content=\"es_ES\" \/>\n<meta property=\"og:type\" content=\"article\" \/>\n<meta property=\"og:title\" content=\"Carretera - Iris Garnav\" \/>\n<meta property=\"og:description\" content=\"pintura, acr\u00edlico sobre lienzo, 27 x 22 cm, 2024\" \/>\n<meta property=\"og:url\" content=\"https:\/\/www.irisgarnav.com\/index.php\/producto\/carretera\/\" \/>\n<meta property=\"og:site_name\" content=\"Iris Garnav\" \/>\n<meta property=\"article:modified_time\" content=\"2024-03-24T16:31:19+00:00\" \/>\n<meta property=\"og:image\" content=\"https:\/\/www.irisgarnav.com\/wp-content\/uploads\/2024\/03\/Captura-de-pantalla-2024-03-04-a-las-19.30.52.png\" \/>\n\t<meta property=\"og:image:width\" content=\"650\" \/>\n\t<meta property=\"og:image:height\" content=\"796\" \/>\n\t<meta property=\"og:image:type\" content=\"image\/png\" \/>\n<meta name=\"twitter:card\" content=\"summary_large_image\" \/>\n<script type=\"application\/ld+json\" class=\"yoast-schema-graph\">{\"@context\":\"https:\\\/\\\/schema.org\",\"@graph\":[{\"@type\":\"WebPage\",\"@id\":\"https:\\\/\\\/www.irisgarnav.com\\\/index.php\\\/producto\\\/carretera\\\/\",\"url\":\"https:\\\/\\\/www.irisgarnav.com\\\/index.php\\\/producto\\\/carretera\\\/\",\"name\":\"Carretera - Iris Garnav\",\"isPartOf\":{\"@id\":\"https:\\\/\\\/www.irisgarnav.com\\\/#website\"},\"primaryImageOfPage\":{\"@id\":\"https:\\\/\\\/www.irisgarnav.com\\\/index.php\\\/producto\\\/carretera\\\/#primaryimage\"},\"image\":{\"@id\":\"https:\\\/\\\/www.irisgarnav.com\\\/index.php\\\/producto\\\/carretera\\\/#primaryimage\"},\"thumbnailUrl\":\"https:\\\/\\\/www.irisgarnav.com\\\/wp-content\\\/uploads\\\/2024\\\/03\\\/Captura-de-pantalla-2024-03-04-a-las-19.30.52.png\",\"datePublished\":\"2024-03-24T16:31:18+00:00\",\"dateModified\":\"2024-03-24T16:31:19+00:00\",\"description\":\"pintura, acr\u00edlico sobre lienzo, 27 x 22 cm, 2024\",\"breadcrumb\":{\"@id\":\"https:\\\/\\\/www.irisgarnav.com\\\/index.php\\\/producto\\\/carretera\\\/#breadcrumb\"},\"inLanguage\":\"es\",\"potentialAction\":[{\"@type\":\"ReadAction\",\"target\":[\"https:\\\/\\\/www.irisgarnav.com\\\/index.php\\\/producto\\\/carretera\\\/\"]}]},{\"@type\":\"ImageObject\",\"inLanguage\":\"es\",\"@id\":\"https:\\\/\\\/www.irisgarnav.com\\\/index.php\\\/producto\\\/carretera\\\/#primaryimage\",\"url\":\"https:\\\/\\\/www.irisgarnav.com\\\/wp-content\\\/uploads\\\/2024\\\/03\\\/Captura-de-pantalla-2024-03-04-a-las-19.30.52.png\",\"contentUrl\":\"https:\\\/\\\/www.irisgarnav.com\\\/wp-content\\\/uploads\\\/2024\\\/03\\\/Captura-de-pantalla-2024-03-04-a-las-19.30.52.png\",\"width\":650,\"height\":796},{\"@type\":\"BreadcrumbList\",\"@id\":\"https:\\\/\\\/www.irisgarnav.com\\\/index.php\\\/producto\\\/carretera\\\/#breadcrumb\",\"itemListElement\":[{\"@type\":\"ListItem\",\"position\":1,\"name\":\"Portada\",\"item\":\"https:\\\/\\\/www.irisgarnav.com\\\/\"},{\"@type\":\"ListItem\",\"position\":2,\"name\":\"Tienda\",\"item\":\"https:\\\/\\\/www.irisgarnav.com\\\/index.php\\\/tienda\\\/\"},{\"@type\":\"ListItem\",\"position\":3,\"name\":\"Carretera\"}]},{\"@type\":\"WebSite\",\"@id\":\"https:\\\/\\\/www.irisgarnav.com\\\/#website\",\"url\":\"https:\\\/\\\/www.irisgarnav.com\\\/\",\"name\":\"Iris Garnav\",\"description\":\"Artista Multidisciplinar\",\"publisher\":{\"@id\":\"https:\\\/\\\/www.irisgarnav.com\\\/#\\\/schema\\\/person\\\/54690a0cfe07529c1f9163262b223e9a\"},\"potentialAction\":[{\"@type\":\"SearchAction\",\"target\":{\"@type\":\"EntryPoint\",\"urlTemplate\":\"https:\\\/\\\/www.irisgarnav.com\\\/?s={search_term_string}\"},\"query-input\":{\"@type\":\"PropertyValueSpecification\",\"valueRequired\":true,\"valueName\":\"search_term_string\"}}],\"inLanguage\":\"es\"},{\"@type\":[\"Person\",\"Organization\"],\"@id\":\"https:\\\/\\\/www.irisgarnav.com\\\/#\\\/schema\\\/person\\\/54690a0cfe07529c1f9163262b223e9a\",\"name\":\"Iris Garnav\",\"image\":{\"@type\":\"ImageObject\",\"inLanguage\":\"es\",\"@id\":\"https:\\\/\\\/www.irisgarnav.com\\\/wp-content\\\/uploads\\\/2022\\\/11\\\/cropped-Ilustracio\u0301n-sin-ti\u0301tulo.png\",\"url\":\"https:\\\/\\\/www.irisgarnav.com\\\/wp-content\\\/uploads\\\/2022\\\/11\\\/cropped-Ilustracio\u0301n-sin-ti\u0301tulo.png\",\"contentUrl\":\"https:\\\/\\\/www.irisgarnav.com\\\/wp-content\\\/uploads\\\/2022\\\/11\\\/cropped-Ilustracio\u0301n-sin-ti\u0301tulo.png\",\"width\":200,\"height\":146,\"caption\":\"Iris Garnav\"},\"logo\":{\"@id\":\"https:\\\/\\\/www.irisgarnav.com\\\/wp-content\\\/uploads\\\/2022\\\/11\\\/cropped-Ilustracio\u0301n-sin-ti\u0301tulo.png\"},\"sameAs\":[\"https:\\\/\\\/www.irisgarnav.com\",\"https:\\\/\\\/www.instagram.com\\\/irisgarnav\\\/\",\"https:\\\/\\\/www.youtube.com\\\/irisgarnav\"]}]}<\/script>\n<!-- \/ Yoast SEO plugin. -->","yoast_head_json":{"title":"Carretera - Iris Garnav","description":"pintura, acr\u00edlico sobre lienzo, 27 x 22 cm, 2024","robots":{"index":"index","follow":"follow","max-snippet":"max-snippet:-1","max-image-preview":"max-image-preview:large","max-video-preview":"max-video-preview:-1"},"canonical":"https:\/\/www.irisgarnav.com\/index.php\/producto\/carretera\/","og_locale":"es_ES","og_type":"article","og_title":"Carretera - Iris Garnav","og_description":"pintura, acr\u00edlico sobre lienzo, 27 x 22 cm, 2024","og_url":"https:\/\/www.irisgarnav.com\/index.php\/producto\/carretera\/","og_site_name":"Iris Garnav","article_modified_time":"2024-03-24T16:31:19+00:00","og_image":[{"width":650,"height":796,"url":"https:\/\/www.irisgarnav.com\/wp-content\/uploads\/2024\/03\/Captura-de-pantalla-2024-03-04-a-las-19.30.52.png","type":"image\/png"}],"twitter_card":"summary_large_image","schema":{"@context":"https:\/\/schema.org","@graph":[{"@type":"WebPage","@id":"https:\/\/www.irisgarnav.com\/index.php\/producto\/carretera\/","url":"https:\/\/www.irisgarnav.com\/index.php\/producto\/carretera\/","name":"Carretera - Iris Garnav","isPartOf":{"@id":"https:\/\/www.irisgarnav.com\/#website"},"primaryImageOfPage":{"@id":"https:\/\/www.irisgarnav.com\/index.php\/producto\/carretera\/#primaryimage"},"image":{"@id":"https:\/\/www.irisgarnav.com\/index.php\/producto\/carretera\/#primaryimage"},"thumbnailUrl":"https:\/\/www.irisgarnav.com\/wp-content\/uploads\/2024\/03\/Captura-de-pantalla-2024-03-04-a-las-19.30.52.png","datePublished":"2024-03-24T16:31:18+00:00","dateModified":"2024-03-24T16:31:19+00:00","description":"pintura, acr\u00edlico sobre lienzo, 27 x 22 cm, 2024","breadcrumb":{"@id":"https:\/\/www.irisgarnav.com\/index.php\/producto\/carretera\/#breadcrumb"},"inLanguage":"es","potentialAction":[{"@type":"ReadAction","target":["https:\/\/www.irisgarnav.com\/index.php\/producto\/carretera\/"]}]},{"@type":"ImageObject","inLanguage":"es","@id":"https:\/\/www.irisgarnav.com\/index.php\/producto\/carretera\/#primaryimage","url":"https:\/\/www.irisgarnav.com\/wp-content\/uploads\/2024\/03\/Captura-de-pantalla-2024-03-04-a-las-19.30.52.png","contentUrl":"https:\/\/www.irisgarnav.com\/wp-content\/uploads\/2024\/03\/Captura-de-pantalla-2024-03-04-a-las-19.30.52.png","width":650,"height":796},{"@type":"BreadcrumbList","@id":"https:\/\/www.irisgarnav.com\/index.php\/producto\/carretera\/#breadcrumb","itemListElement":[{"@type":"ListItem","position":1,"name":"Portada","item":"https:\/\/www.irisgarnav.com\/"},{"@type":"ListItem","position":2,"name":"Tienda","item":"https:\/\/www.irisgarnav.com\/index.php\/tienda\/"},{"@type":"ListItem","position":3,"name":"Carretera"}]},{"@type":"WebSite","@id":"https:\/\/www.irisgarnav.com\/#website","url":"https:\/\/www.irisgarnav.com\/","name":"Iris Garnav","description":"Artista Multidisciplinar","publisher":{"@id":"https:\/\/www.irisgarnav.com\/#\/schema\/person\/54690a0cfe07529c1f9163262b223e9a"},"potentialAction":[{"@type":"SearchAction","target":{"@type":"EntryPoint","urlTemplate":"https:\/\/www.irisgarnav.com\/?s={search_term_string}"},"query-input":{"@type":"PropertyValueSpecification","valueRequired":true,"valueName":"search_term_string"}}],"inLanguage":"es"},{"@type":["Person","Organization"],"@id":"https:\/\/www.irisgarnav.com\/#\/schema\/person\/54690a0cfe07529c1f9163262b223e9a","name":"Iris Garnav","image":{"@type":"ImageObject","inLanguage":"es","@id":"https:\/\/www.irisgarnav.com\/wp-content\/uploads\/2022\/11\/cropped-Ilustracio\u0301n-sin-ti\u0301tulo.png","url":"https:\/\/www.irisgarnav.com\/wp-content\/uploads\/2022\/11\/cropped-Ilustracio\u0301n-sin-ti\u0301tulo.png","contentUrl":"https:\/\/www.irisgarnav.com\/wp-content\/uploads\/2022\/11\/cropped-Ilustracio\u0301n-sin-ti\u0301tulo.png","width":200,"height":146,"caption":"Iris Garnav"},"logo":{"@id":"https:\/\/www.irisgarnav.com\/wp-content\/uploads\/2022\/11\/cropped-Ilustracio\u0301n-sin-ti\u0301tulo.png"},"sameAs":["https:\/\/www.irisgarnav.com","https:\/\/www.instagram.com\/irisgarnav\/","https:\/\/www.youtube.com\/irisgarnav"]}]}},"_links":{"self":[{"href":"https:\/\/www.irisgarnav.com\/index.php\/wp-json\/wp\/v2\/product\/704","targetHints":{"allow":["GET"]}}],"collection":[{"href":"https:\/\/www.irisgarnav.com\/index.php\/wp-json\/wp\/v2\/product"}],"about":[{"href":"https:\/\/www.irisgarnav.com\/index.php\/wp-json\/wp\/v2\/types\/product"}],"replies":[{"embeddable":true,"href":"https:\/\/www.irisgarnav.com\/index.php\/wp-json\/wp\/v2\/comments?post=704"}],"wp:featuredmedia":[{"embeddable":true,"href":"https:\/\/www.irisgarnav.com\/index.php\/wp-json\/wp\/v2\/media\/705"}],"wp:attachment":[{"href":"https:\/\/www.irisgarnav.com\/index.php\/wp-json\/wp\/v2\/media?parent=704"}],"wp:term":[{"taxonomy":"product_brand","embeddable":true,"href":"https:\/\/www.irisgarnav.com\/index.php\/wp-json\/wp\/v2\/product_brand?post=704"},{"taxonomy":"product_cat","embeddable":true,"href":"https:\/\/www.irisgarnav.com\/index.php\/wp-json\/wp\/v2\/product_cat?post=704"},{"taxonomy":"product_tag","embeddable":true,"href":"https:\/\/www.irisgarnav.com\/index.php\/wp-json\/wp\/v2\/product_tag?post=704"}],"curies":[{"name":"wp","href":"https:\/\/api.w.org\/{rel}","templated":true}]}}